{"id":1515,"date":"2023-05-24T09:37:00","date_gmt":"2023-05-24T07:37:00","guid":{"rendered":"https:\/\/camping.fresnaysursarthe.fr\/camping-warmwasserbereich-fresnay-sur-sarthe\/"},"modified":"2023-08-22T16:23:59","modified_gmt":"2023-08-22T14:23:59","slug":"camping-warmwasserbereich-fresnay-sur-sarthe","status":"publish","type":"page","link":"https:\/\/camping.fresnaysursarthe.fr\/de\/camping-warmwasserbereich-fresnay-sur-sarthe\/","title":{"rendered":"Swimmingpool"},"content":{"rendered":"<section id=\"ls-section-block_b90df5be8de5b82b96d24fc3fbdf4a0b\" class=\"ls-section  home-first page-one\" >\r\n        <div class=\"container container--wide\">\r\n        \n\n<div class=\"wp-block-columns are-vertically-aligned-center is-layout-flex wp-container-core-columns-is-layout-9d6595d7 wp-block-columns-is-layout-flex\">\n<div class=\"wp-block-column is-vertically-aligned-center is-layout-flow wp-block-column-is-layout-flow\">\n<h1 class=\"ls__heading wp-block-heading\">Schwimmen Sie im beheizten Pool des Campingplatzes<\/h1>\n\n\n\n<h2 class=\"ls__heading wp-block-heading\"><strong>Campingplatz mit beheiztem und beaufsichtigtem Schwimmbad in Fresnay<\/strong><\/h2>\n\n\n\n<p class=\"ls-paragraph\">Entspannen Sie sich auf einem <a href=\"https:\/\/camping.fresnaysursarthe.fr\/de\/camping-am-fluss-fresnay-sur-sarthe\/\">Campingplatz am Flussufer<\/a> und mit <strong>beheiztem<\/strong> <strong>Schwimmbad<\/strong> in der Sarthe! Von Juni bis Ende August stellt der <a href=\"https:\/\/camping.fresnaysursarthe.fr\/de\/\">Campingplatz Sans Souci<\/a> den Campern ein <strong>gro\u00dfes Schwimmbecken<\/strong> und ein <strong>Planschbecken<\/strong> f\u00fcr das Baden mit der Familie zur Verf\u00fcgung.<\/p>\n\n\n\n<p class=\"ls-paragraph\">Das <strong>beheizte Freibad wird<\/strong> von einem Bademeister <strong>\u00fcberwacht<\/strong>, um die Sicherheit aller zu gew\u00e4hrleisten. Und f\u00fcr die Ruhe der Urlauber gibt es keine Poolpartys oder Nachtschwimmb\u00e4der, sondern manchmal eine fr\u00f6hliche Aquazumba-Session vor der Schlie\u00dfung. <\/p>\n\n\n\n<p class=\"ls-paragraph\">Anstelle von Rutschen bevorzugen wir ein gro\u00dfes Becken, in dem jeder die <strong>Freude am Schwimmen<\/strong> und Spielen im Wasser wieder aufleben lassen kann.<\/p>\n<\/div>\n\n\n\n<div class=\"wp-block-column is-vertically-aligned-center is-layout-flow wp-block-column-is-layout-flow\">\n<figure class=\"wp-block-gallery has-nested-images columns-1 is-cropped wp-block-gallery-1 is-layout-flex wp-block-gallery-is-layout-flex\">\n<figure class=\"wp-block-image size-full image-1 animated fadeIn slow\"><a href=\"https:\/\/camping.fresnaysursarthe.fr\/wp-content\/uploads\/2023\/06\/piscine-camping-sans-souci-fresnay-sur-sarthe.webp\"><img decoding=\"async\" width=\"900\" height=\"600\" data-id=\"1180\" src=\"https:\/\/camping.fresnaysursarthe.fr\/wp-content\/uploads\/2023\/06\/piscine-camping-sans-souci-fresnay-sur-sarthe.webp\" alt=\"schwimmbad camping sans souci fresnay sur sarthe\" class=\"wp-image-1180\" srcset=\"https:\/\/camping.fresnaysursarthe.fr\/wp-content\/uploads\/2023\/06\/piscine-camping-sans-souci-fresnay-sur-sarthe.webp 900w, https:\/\/camping.fresnaysursarthe.fr\/wp-content\/uploads\/2023\/06\/piscine-camping-sans-souci-fresnay-sur-sarthe-300x200.webp 300w, https:\/\/camping.fresnaysursarthe.fr\/wp-content\/uploads\/2023\/06\/piscine-camping-sans-souci-fresnay-sur-sarthe-768x512.webp 768w\" sizes=\"(max-width: 900px) 100vw, 900px\" \/><\/a><\/figure>\n\n\n\n<figure class=\"wp-block-image size-full image-2 animated fadeIn delay-100ms slow\"><a href=\"https:\/\/camping.fresnaysursarthe.fr\/wp-content\/uploads\/2023\/06\/camping-avec-pataugeoire-chauffee-sarthe.webp\"><img decoding=\"async\" width=\"900\" height=\"600\" data-id=\"1177\" src=\"https:\/\/camping.fresnaysursarthe.fr\/wp-content\/uploads\/2023\/06\/camping-avec-pataugeoire-chauffee-sarthe.webp\" alt=\"campingplatz mit beheiztem planschbecken sarthe\" class=\"wp-image-1177\" srcset=\"https:\/\/camping.fresnaysursarthe.fr\/wp-content\/uploads\/2023\/06\/camping-avec-pataugeoire-chauffee-sarthe.webp 900w, https:\/\/camping.fresnaysursarthe.fr\/wp-content\/uploads\/2023\/06\/camping-avec-pataugeoire-chauffee-sarthe-300x200.webp 300w, https:\/\/camping.fresnaysursarthe.fr\/wp-content\/uploads\/2023\/06\/camping-avec-pataugeoire-chauffee-sarthe-768x512.webp 768w\" sizes=\"(max-width: 900px) 100vw, 900px\" \/><\/a><\/figure>\n\n\n\n<figure class=\"wp-block-image size-full image-3 animated fadeIn delay-200ms slow\"><a href=\"https:\/\/camping.fresnaysursarthe.fr\/wp-content\/uploads\/2023\/06\/piscine-chauffee-decouverte-camping-sarthe.webp\"><img decoding=\"async\" width=\"900\" height=\"600\" data-id=\"1189\" src=\"https:\/\/camping.fresnaysursarthe.fr\/wp-content\/uploads\/2023\/06\/piscine-chauffee-decouverte-camping-sarthe.webp\" alt=\"beheizter pool entdeckungsreise camping sarthe\" class=\"wp-image-1189\" srcset=\"https:\/\/camping.fresnaysursarthe.fr\/wp-content\/uploads\/2023\/06\/piscine-chauffee-decouverte-camping-sarthe.webp 900w, https:\/\/camping.fresnaysursarthe.fr\/wp-content\/uploads\/2023\/06\/piscine-chauffee-decouverte-camping-sarthe-300x200.webp 300w, https:\/\/camping.fresnaysursarthe.fr\/wp-content\/uploads\/2023\/06\/piscine-chauffee-decouverte-camping-sarthe-768x512.webp 768w\" sizes=\"(max-width: 900px) 100vw, 900px\" \/><\/a><\/figure>\n<\/figure>\n<\/div>\n<\/div>\n\n\r\n    <\/div>\r\n<\/section><section id=\"ls-section-block_850f509e657d91e6ba027942c1e7c1d0\" class=\"ls-section  home-third page-two has-background has-color-5-background-color\" >\r\n        <div class=\"container container--wide\">\r\n        \n\n<div class=\"wp-block-columns is-layout-flex wp-container-core-columns-is-layout-9d6595d7 wp-block-columns-is-layout-flex\">\n<div class=\"wp-block-column is-layout-flow wp-block-column-is-layout-flow\" style=\"flex-basis:55%\">\n<figure class=\"wp-block-gallery has-nested-images columns-1 is-cropped wp-block-gallery-2 is-layout-flex wp-block-gallery-is-layout-flex\">\n<figure class=\"wp-block-image size-full image-1 animated fadeInLeft slow delay-500ms\"><img decoding=\"async\" width=\"900\" height=\"600\" data-id=\"1212\" src=\"https:\/\/camping.fresnaysursarthe.fr\/wp-content\/uploads\/2023\/06\/piscine-avec-pataugeoire-sarthe.webp\" alt=\"schwimmbad mit planschbecken sarthe\" class=\"wp-image-1212\" srcset=\"https:\/\/camping.fresnaysursarthe.fr\/wp-content\/uploads\/2023\/06\/piscine-avec-pataugeoire-sarthe.webp 900w, https:\/\/camping.fresnaysursarthe.fr\/wp-content\/uploads\/2023\/06\/piscine-avec-pataugeoire-sarthe-300x200.webp 300w, https:\/\/camping.fresnaysursarthe.fr\/wp-content\/uploads\/2023\/06\/piscine-avec-pataugeoire-sarthe-768x512.webp 768w\" sizes=\"(max-width: 900px) 100vw, 900px\" \/><\/figure>\n\n\n\n<figure class=\"wp-block-image size-full image-2 animated fadeInLeft slow\"><img decoding=\"async\" width=\"900\" height=\"600\" data-id=\"1215\" src=\"https:\/\/camping.fresnaysursarthe.fr\/wp-content\/uploads\/2023\/06\/piscine-pour-enfants-camping-sans-souci.webp\" alt=\"kinderpool sorgenfreies zelten\" class=\"wp-image-1215\" srcset=\"https:\/\/camping.fresnaysursarthe.fr\/wp-content\/uploads\/2023\/06\/piscine-pour-enfants-camping-sans-souci.webp 900w, https:\/\/camping.fresnaysursarthe.fr\/wp-content\/uploads\/2023\/06\/piscine-pour-enfants-camping-sans-souci-300x200.webp 300w, https:\/\/camping.fresnaysursarthe.fr\/wp-content\/uploads\/2023\/06\/piscine-pour-enfants-camping-sans-souci-768x512.webp 768w\" sizes=\"(max-width: 900px) 100vw, 900px\" \/><\/figure>\n\n\n\n<figure class=\"wp-block-image size-full image-3 animated fadeInLeft delay-200ms slow\"><img decoding=\"async\" width=\"900\" height=\"600\" data-id=\"1209\" src=\"https:\/\/camping.fresnaysursarthe.fr\/wp-content\/uploads\/2023\/06\/pataugeoire-surveillee-camping-sarthe.webp\" alt=\"Planschbecken &#xFC;berwacht Campingplatz Sarthe\" class=\"wp-image-1209\" srcset=\"https:\/\/camping.fresnaysursarthe.fr\/wp-content\/uploads\/2023\/06\/pataugeoire-surveillee-camping-sarthe.webp 900w, https:\/\/camping.fresnaysursarthe.fr\/wp-content\/uploads\/2023\/06\/pataugeoire-surveillee-camping-sarthe-300x200.webp 300w, https:\/\/camping.fresnaysursarthe.fr\/wp-content\/uploads\/2023\/06\/pataugeoire-surveillee-camping-sarthe-768x512.webp 768w\" sizes=\"(max-width: 900px) 100vw, 900px\" \/><\/figure>\n<\/figure>\n<\/div>\n\n\n\n<div class=\"wp-block-column is-layout-flow wp-block-column-is-layout-flow\" style=\"flex-basis:45%\">\n<h2 class=\"ls__heading wp-block-heading\">Das Planschbecken f\u00fcr Ihre Kinder<\/h2>\n\n\n\n<p class=\"ls-paragraph\">Ideal f\u00fcr Ihre Kinder ist das <strong>Planschbecken<\/strong>, ein beheiztes Freibad, das den Kleinsten vorbehalten ist. Sie ist von der gro\u00dfen Badewanne getrennt und gew\u00e4hrleistet ihnen ein sicheres Baden. Eltern, so seid ihr beruhigt!<\/p>\n\n\n\n<p class=\"ls-paragraph\">In <strong>angenehm temperiertem Wasser<\/strong> erleben kleine Kinder die <strong>Freuden des ersten Schwimmens<\/strong>. Hier lernen sie, wie viel Spa\u00df es macht, ihren Urlaub auf einem Campingplatz mit beheiztem Schwimmbad im Departement Sarthe zu verbringen. Sie k\u00f6nnen sie von den ersten Spritzer bis zu den <strong>ersten<\/strong> Schwimmz\u00fcgen begleiten.<\/p>\n\n\n\n<p class=\"ls-paragraph\">Wenn sie einmal gro\u00df sind, werden sie sich zweifellos daran erinnern, dass sie auf dem Campingplatz Sans Souci in Fresnay-sur-Sarthe schwimmen gelernt haben!<\/p>\n\n\n\n<div id=\"ls-heading ls-titre-div-block_748e6c7dbe0393c0971b854b98f1d526\" class=\"ls-titre-div titre-deco h2-like\" >\n    Spa\u00df am Ufer der Sarthe!<\/div>\n<\/div>\n<\/div>\n\n\r\n    <\/div>\r\n<\/section><section id=\"ls-section-block_011d3a6d912eda0915f98ac150229532\" class=\"ls-section  home-seventh page-three has-background-image has-parallax has-m-b m-b-10\" >\r\n    <div class=\"ls-section__background-image opacity-100\"><img decoding=\"async\" src=\"https:\/\/camping.fresnaysursarthe.fr\/wp-content\/uploads\/2023\/06\/camping-avec-piscine-familial-dans-la-sarthe.webp\" alt=\"campingplatz mit familienpool in der sarthe\"><\/div>    <div class=\"container \">\r\n        \n\n<h2 class=\"ls__heading wp-block-heading\"><strong>Sich auf den Liegest\u00fchlen am Pool sonnen<\/strong><\/h2>\n\n\n\n<p class=\"ls-paragraph has-text-align-center has-color-white-color has-text-color\">Im Herzen der Alpes Mancelles verspricht ein Campingplatz mit beheiztem Au\u00dfenpool Entspannung. Auf dem 3-Sterne-Campingplatz Sans Souci bieten Ihnen die <strong>Liegest\u00fchle am Beckenrand<\/strong> einen au\u00dfergew\u00f6hnlichen Blick auf die umliegende <strong>H\u00fcgellandschaft<\/strong>. Entspannen Sie sich!  <\/p>\n\n\n\n<p class=\"ls-paragraph has-text-align-center has-color-white-color has-text-color\">Lassen Sie Ihre Kinder gemeinsam das Baden genie\u00dfen und genie\u00dfen Sie die Ruhe der gro\u00dfen, mit B\u00e4umen bewachsenen Fl\u00e4chen. Zwischen zwei Schwimmrunden im beheizten Pool k\u00f6nnen Sie sich einem <strong>Sonnenbad<\/strong> hingeben und mit sch\u00f6nen Farben aus Ihrem Urlaub in der Sarthe zur\u00fcckkehren! Der kostenlose Swimmingpool mit seinen <strong>Liegest\u00fchlen zum Sonnenbaden<\/strong> ist direkt vom Campingplatz aus zug\u00e4nglich.<\/p>\n\n\r\n    <\/div>\r\n<\/section><section id=\"ls-section-block_a453044a621dc314a58f3336a1171bd1\" class=\"ls-section  page-four\" >\r\n        <div class=\"container container--wide\">\r\n        \n\n<div id=\"ls-heading ls-titre-div-block_2f9698b02f8c546e1e582c3a1c7f8512\" class=\"ls-titre-div aligncenter h2-like\" >\n    Entdecken Sie den Fluss, die Animationen und die Dienstleistungen des Campingplatzes.<\/div>\n\n\n\n<div id=\"ls-maillage-block_21fb696b457ec9140d8f6f83a959032f\" class=\"ls-maillage cta-style-normal\" data-rows=\"3\">\n\n    <div class=\"wp-block-columns\"><div class=\"wp-block-column\"><div class=\"ls-cta\">\n\n<a href=\"https:\/\/camping.fresnaysursarthe.fr\/de\/familien-campingplatz-fresnay-sur-sarthe\/\" target=\"\" rel=\"noopener\" class=\"ls-cta__link\">\n\n\t<div class=\"ls-cta__image\"><img decoding=\"async\" src=\"https:\/\/camping.fresnaysursarthe.fr\/wp-content\/uploads\/2023\/06\/services-de-qualite-camping-sans-soucis.webp\" alt=\"hochwertige Dienstleistungen sorgloses Campen\"><\/div>\n\t<div class=\"ls-cta__title\">\n\t\tService und Ausstattung\t<\/div>\n\n\t\t\n<\/a><\/div><\/div><div class=\"wp-block-column\"><div class=\"ls-cta\">\n\n<a href=\"https:\/\/camping.fresnaysursarthe.fr\/de\/camping-am-fluss-fresnay-sur-sarthe\/\" target=\"\" rel=\"noopener\" class=\"ls-cta__link\">\n\n\t<div class=\"ls-cta__image\"><img decoding=\"async\" src=\"https:\/\/camping.fresnaysursarthe.fr\/wp-content\/uploads\/2023\/05\/balade-en-barque-sarthe-camping-le-sans-souci.webp\" alt=\"Bootsfahrt Sarthe Camping Le Sans Souci\"><\/div>\n\t<div class=\"ls-cta__title\">\n\t\tFlussufer\t<\/div>\n\n\t\t\n<\/a><\/div><\/div><div class=\"wp-block-column\"><div class=\"ls-cta\">\n\n<a href=\"https:\/\/camping.fresnaysursarthe.fr\/de\/camping-aktivitaeten-fresnay-sur-sarthe\/\" target=\"\" rel=\"noopener\" class=\"ls-cta__link\">\n\n\t<div class=\"ls-cta__image\"><img decoding=\"async\" src=\"https:\/\/camping.fresnaysursarthe.fr\/wp-content\/uploads\/2023\/06\/camping-sans-soucis-animations.webp\" alt=\"camping ohne sorgen animationen\"><\/div>\n\t<div class=\"ls-cta__title\">\n\t\tAnimationen und Aktivit\u00e4ten\t<\/div>\n\n\t\t\n<\/a><\/div><\/div><\/div>\n<\/div>\n\r\n    <\/div>\r\n<\/section>","protected":false},"excerpt":{"rendered":"","protected":false},"author":1,"featured_media":1164,"parent":0,"menu_order":0,"comment_status":"closed","ping_status":"closed","template":"","meta":{"_acf_changed":false,"footnotes":""},"sujet":[],"class_list":["post-1515","page","type-page","status-publish","has-post-thumbnail","hentry"],"acf":[],"yoast_head":"<!-- This site is optimized with the Yoast SEO plugin v23.4 - https:\/\/yoast.com\/wordpress\/plugins\/seo\/ -->\n<title>Camping beheizter Pool Fresnay | Beheizter Pool Sarthe<\/title>\n<meta name=\"robots\" content=\"index, follow, max-snippet:-1, max-image-preview:large, max-video-preview:-1\" \/>\n<link rel=\"canonical\" href=\"https:\/\/camping.fresnaysursarthe.fr\/de\/camping-warmwasserbereich-fresnay-sur-sarthe\/\" \/>\n<meta property=\"og:locale\" content=\"de_DE\" \/>\n<meta property=\"og:type\" content=\"article\" \/>\n<meta property=\"og:title\" content=\"Camping beheizter Pool Fresnay | Beheizter Pool Sarthe\" \/>\n<meta property=\"og:url\" content=\"https:\/\/camping.fresnaysursarthe.fr\/de\/camping-warmwasserbereich-fresnay-sur-sarthe\/\" \/>\n<meta property=\"og:site_name\" content=\"Camping Le Sans Souci\" \/>\n<meta property=\"article:modified_time\" content=\"2023-08-22T14:23:59+00:00\" \/>\n<meta property=\"og:image\" content=\"https:\/\/camping.fresnaysursarthe.fr\/wp-content\/uploads\/2023\/06\/camping-avec-piscine-dans-la-sarthe.webp\" \/>\n\t<meta property=\"og:image:width\" content=\"1920\" \/>\n\t<meta property=\"og:image:height\" content=\"450\" \/>\n\t<meta property=\"og:image:type\" content=\"image\/webp\" \/>\n<meta name=\"twitter:card\" content=\"summary_large_image\" \/>\n<meta name=\"twitter:label1\" content=\"Gesch\u00e4tzte Lesezeit\" \/>\n\t<meta name=\"twitter:data1\" content=\"2\u00a0Minuten\" \/>\n<script type=\"application\/ld+json\" class=\"yoast-schema-graph\">{\"@context\":\"https:\/\/schema.org\",\"@graph\":[{\"@type\":\"WebPage\",\"@id\":\"https:\/\/camping.fresnaysursarthe.fr\/de\/camping-warmwasserbereich-fresnay-sur-sarthe\/\",\"url\":\"https:\/\/camping.fresnaysursarthe.fr\/de\/camping-warmwasserbereich-fresnay-sur-sarthe\/\",\"name\":\"Camping beheizter Pool Fresnay | Beheizter Pool Sarthe\",\"isPartOf\":{\"@id\":\"https:\/\/camping.fresnaysursarthe.fr\/#website\"},\"primaryImageOfPage\":{\"@id\":\"https:\/\/camping.fresnaysursarthe.fr\/de\/camping-warmwasserbereich-fresnay-sur-sarthe\/#primaryimage\"},\"image\":{\"@id\":\"https:\/\/camping.fresnaysursarthe.fr\/de\/camping-warmwasserbereich-fresnay-sur-sarthe\/#primaryimage\"},\"thumbnailUrl\":\"https:\/\/camping.fresnaysursarthe.fr\/wp-content\/uploads\/2023\/06\/camping-avec-piscine-dans-la-sarthe.webp\",\"datePublished\":\"2023-05-24T07:37:00+00:00\",\"dateModified\":\"2023-08-22T14:23:59+00:00\",\"breadcrumb\":{\"@id\":\"https:\/\/camping.fresnaysursarthe.fr\/de\/camping-warmwasserbereich-fresnay-sur-sarthe\/#breadcrumb\"},\"inLanguage\":\"de\",\"potentialAction\":[{\"@type\":\"ReadAction\",\"target\":[\"https:\/\/camping.fresnaysursarthe.fr\/de\/camping-warmwasserbereich-fresnay-sur-sarthe\/\"]}]},{\"@type\":\"ImageObject\",\"inLanguage\":\"de\",\"@id\":\"https:\/\/camping.fresnaysursarthe.fr\/de\/camping-warmwasserbereich-fresnay-sur-sarthe\/#primaryimage\",\"url\":\"https:\/\/camping.fresnaysursarthe.fr\/wp-content\/uploads\/2023\/06\/camping-avec-piscine-dans-la-sarthe.webp\",\"contentUrl\":\"https:\/\/camping.fresnaysursarthe.fr\/wp-content\/uploads\/2023\/06\/camping-avec-piscine-dans-la-sarthe.webp\",\"width\":1920,\"height\":450,\"caption\":\"campingplatz mit schwimmbad in der sarthe\"},{\"@type\":\"BreadcrumbList\",\"@id\":\"https:\/\/camping.fresnaysursarthe.fr\/de\/camping-warmwasserbereich-fresnay-sur-sarthe\/#breadcrumb\",\"itemListElement\":[{\"@type\":\"ListItem\",\"position\":1,\"name\":\"Camping Sarthe\",\"item\":\"https:\/\/camping.fresnaysursarthe.fr\/de\/\"},{\"@type\":\"ListItem\",\"position\":2,\"name\":\"Beheizter Pool in der Sarthe\"}]},{\"@type\":\"WebSite\",\"@id\":\"https:\/\/camping.fresnaysursarthe.fr\/#website\",\"url\":\"https:\/\/camping.fresnaysursarthe.fr\/\",\"name\":\"Camping Le Sans Souci\",\"description\":\"\",\"publisher\":{\"@id\":\"https:\/\/camping.fresnaysursarthe.fr\/#organization\"},\"potentialAction\":[{\"@type\":\"SearchAction\",\"target\":{\"@type\":\"EntryPoint\",\"urlTemplate\":\"https:\/\/camping.fresnaysursarthe.fr\/?s={search_term_string}\"},\"query-input\":{\"@type\":\"PropertyValueSpecification\",\"valueRequired\":true,\"valueName\":\"search_term_string\"}}],\"inLanguage\":\"de\"},{\"@type\":\"Organization\",\"@id\":\"https:\/\/camping.fresnaysursarthe.fr\/#organization\",\"name\":\"Camping Le Sans Souci\",\"url\":\"https:\/\/camping.fresnaysursarthe.fr\/\",\"logo\":{\"@type\":\"ImageObject\",\"inLanguage\":\"de\",\"@id\":\"https:\/\/camping.fresnaysursarthe.fr\/#\/schema\/logo\/image\/\",\"url\":\"https:\/\/camping.fresnaysursarthe.fr\/wp-content\/uploads\/2023\/05\/logo-camping-le-sans-souci.webp\",\"contentUrl\":\"https:\/\/camping.fresnaysursarthe.fr\/wp-content\/uploads\/2023\/05\/logo-camping-le-sans-souci.webp\",\"width\":596,\"height\":674,\"caption\":\"Camping Le Sans Souci\"},\"image\":{\"@id\":\"https:\/\/camping.fresnaysursarthe.fr\/#\/schema\/logo\/image\/\"}}]}<\/script>\n<!-- \/ Yoast SEO plugin. -->","yoast_head_json":{"title":"Camping beheizter Pool Fresnay | Beheizter Pool Sarthe","robots":{"index":"index","follow":"follow","max-snippet":"max-snippet:-1","max-image-preview":"max-image-preview:large","max-video-preview":"max-video-preview:-1"},"canonical":"https:\/\/camping.fresnaysursarthe.fr\/de\/camping-warmwasserbereich-fresnay-sur-sarthe\/","og_locale":"de_DE","og_type":"article","og_title":"Camping beheizter Pool Fresnay | Beheizter Pool Sarthe","og_url":"https:\/\/camping.fresnaysursarthe.fr\/de\/camping-warmwasserbereich-fresnay-sur-sarthe\/","og_site_name":"Camping Le Sans Souci","article_modified_time":"2023-08-22T14:23:59+00:00","og_image":[{"width":1920,"height":450,"url":"https:\/\/camping.fresnaysursarthe.fr\/wp-content\/uploads\/2023\/06\/camping-avec-piscine-dans-la-sarthe.webp","type":"image\/webp"}],"twitter_card":"summary_large_image","twitter_misc":{"Gesch\u00e4tzte Lesezeit":"2\u00a0Minuten"},"schema":{"@context":"https:\/\/schema.org","@graph":[{"@type":"WebPage","@id":"https:\/\/camping.fresnaysursarthe.fr\/de\/camping-warmwasserbereich-fresnay-sur-sarthe\/","url":"https:\/\/camping.fresnaysursarthe.fr\/de\/camping-warmwasserbereich-fresnay-sur-sarthe\/","name":"Camping beheizter Pool Fresnay | Beheizter Pool Sarthe","isPartOf":{"@id":"https:\/\/camping.fresnaysursarthe.fr\/#website"},"primaryImageOfPage":{"@id":"https:\/\/camping.fresnaysursarthe.fr\/de\/camping-warmwasserbereich-fresnay-sur-sarthe\/#primaryimage"},"image":{"@id":"https:\/\/camping.fresnaysursarthe.fr\/de\/camping-warmwasserbereich-fresnay-sur-sarthe\/#primaryimage"},"thumbnailUrl":"https:\/\/camping.fresnaysursarthe.fr\/wp-content\/uploads\/2023\/06\/camping-avec-piscine-dans-la-sarthe.webp","datePublished":"2023-05-24T07:37:00+00:00","dateModified":"2023-08-22T14:23:59+00:00","breadcrumb":{"@id":"https:\/\/camping.fresnaysursarthe.fr\/de\/camping-warmwasserbereich-fresnay-sur-sarthe\/#breadcrumb"},"inLanguage":"de","potentialAction":[{"@type":"ReadAction","target":["https:\/\/camping.fresnaysursarthe.fr\/de\/camping-warmwasserbereich-fresnay-sur-sarthe\/"]}]},{"@type":"ImageObject","inLanguage":"de","@id":"https:\/\/camping.fresnaysursarthe.fr\/de\/camping-warmwasserbereich-fresnay-sur-sarthe\/#primaryimage","url":"https:\/\/camping.fresnaysursarthe.fr\/wp-content\/uploads\/2023\/06\/camping-avec-piscine-dans-la-sarthe.webp","contentUrl":"https:\/\/camping.fresnaysursarthe.fr\/wp-content\/uploads\/2023\/06\/camping-avec-piscine-dans-la-sarthe.webp","width":1920,"height":450,"caption":"campingplatz mit schwimmbad in der sarthe"},{"@type":"BreadcrumbList","@id":"https:\/\/camping.fresnaysursarthe.fr\/de\/camping-warmwasserbereich-fresnay-sur-sarthe\/#breadcrumb","itemListElement":[{"@type":"ListItem","position":1,"name":"Camping Sarthe","item":"https:\/\/camping.fresnaysursarthe.fr\/de\/"},{"@type":"ListItem","position":2,"name":"Beheizter Pool in der Sarthe"}]},{"@type":"WebSite","@id":"https:\/\/camping.fresnaysursarthe.fr\/#website","url":"https:\/\/camping.fresnaysursarthe.fr\/","name":"Camping Le Sans Souci","description":"","publisher":{"@id":"https:\/\/camping.fresnaysursarthe.fr\/#organization"},"potentialAction":[{"@type":"SearchAction","target":{"@type":"EntryPoint","urlTemplate":"https:\/\/camping.fresnaysursarthe.fr\/?s={search_term_string}"},"query-input":{"@type":"PropertyValueSpecification","valueRequired":true,"valueName":"search_term_string"}}],"inLanguage":"de"},{"@type":"Organization","@id":"https:\/\/camping.fresnaysursarthe.fr\/#organization","name":"Camping Le Sans Souci","url":"https:\/\/camping.fresnaysursarthe.fr\/","logo":{"@type":"ImageObject","inLanguage":"de","@id":"https:\/\/camping.fresnaysursarthe.fr\/#\/schema\/logo\/image\/","url":"https:\/\/camping.fresnaysursarthe.fr\/wp-content\/uploads\/2023\/05\/logo-camping-le-sans-souci.webp","contentUrl":"https:\/\/camping.fresnaysursarthe.fr\/wp-content\/uploads\/2023\/05\/logo-camping-le-sans-souci.webp","width":596,"height":674,"caption":"Camping Le Sans Souci"},"image":{"@id":"https:\/\/camping.fresnaysursarthe.fr\/#\/schema\/logo\/image\/"}}]}},"_links":{"self":[{"href":"https:\/\/camping.fresnaysursarthe.fr\/de\/wp-json\/wp\/v2\/pages\/1515","targetHints":{"allow":["GET"]}}],"collection":[{"href":"https:\/\/camping.fresnaysursarthe.fr\/de\/wp-json\/wp\/v2\/pages"}],"about":[{"href":"https:\/\/camping.fresnaysursarthe.fr\/de\/wp-json\/wp\/v2\/types\/page"}],"author":[{"embeddable":true,"href":"https:\/\/camping.fresnaysursarthe.fr\/de\/wp-json\/wp\/v2\/users\/1"}],"replies":[{"embeddable":true,"href":"https:\/\/camping.fresnaysursarthe.fr\/de\/wp-json\/wp\/v2\/comments?post=1515"}],"version-history":[{"count":7,"href":"https:\/\/camping.fresnaysursarthe.fr\/de\/wp-json\/wp\/v2\/pages\/1515\/revisions"}],"predecessor-version":[{"id":1732,"href":"https:\/\/camping.fresnaysursarthe.fr\/de\/wp-json\/wp\/v2\/pages\/1515\/revisions\/1732"}],"wp:featuredmedia":[{"embeddable":true,"href":"https:\/\/camping.fresnaysursarthe.fr\/de\/wp-json\/wp\/v2\/media\/1164"}],"wp:attachment":[{"href":"https:\/\/camping.fresnaysursarthe.fr\/de\/wp-json\/wp\/v2\/media?parent=1515"}],"wp:term":[{"taxonomy":"sujet","embeddable":true,"href":"https:\/\/camping.fresnaysursarthe.fr\/de\/wp-json\/wp\/v2\/sujet?post=1515"}],"curies":[{"name":"wp","href":"https:\/\/api.w.org\/{rel}","templated":true}]}}