{"id":1523,"date":"2023-05-24T09:38:44","date_gmt":"2023-05-24T07:38:44","guid":{"rendered":"https:\/\/camping.fresnaysursarthe.fr\/vermietung-stellplatz-fresnay-sur-sarthe\/"},"modified":"2025-03-31T11:42:18","modified_gmt":"2025-03-31T09:42:18","slug":"vermietung-stellplatz-fresnay-sur-sarthe","status":"publish","type":"page","link":"https:\/\/camping.fresnaysursarthe.fr\/de\/vermietung-stellplatz-fresnay-sur-sarthe\/","title":{"rendered":"Standorte"},"content":{"rendered":"<section id=\"ls-section-block_444320aceade7dd05fd7dba1bd9a638c\" class=\"ls-section  page-titre has-m-b m-b-0 has-p-b p-b-0\" >\r\n        <div class=\"container \">\r\n        \n\n<h1 class=\"ls__heading wp-block-heading has-text-align-center\">Campingplatz Caravaning-Stellplatz in Fresnay-sur-Sarthe<\/h1>\n\n\r\n    <\/div>\r\n<\/section><section id=\"ls-section-block_26282a62a931755f871064ff502c92e9\" class=\"ls-section  page-heberg\" >\r\n        <div class=\"container container--wide\">\r\n        \n\n<div id=\"ls-hebergements-block_bd7e298cf090bd21e39f61711fab7a83\" class=\"ls-hebergements\" >\n    \n    <div class=\"ls-customizer\">\n\n    <div class=\"ls-customizer__filters\">\n        <div class=\"ls-customizer__filters__close\">\n            <i class=\"fas fa-times\"><\/i>\n        <\/div>\n\n        <div class=\"ls-customizer__filters__title\">\n            <b>Filter<\/b>\n            <span class=\"ls-customizer__filters__clear\"><i class=\"fas fa-times\"><\/i> Filter l\u00f6schen<\/span>\n        <\/div>\n\n                \n        <!-- Filtres ACF fields -->\n        \n                                <!-- Filtre nombre_de_personnes -->\n                        <div class=\"filter\" id=\"filter-nombre_de_personnes\">\n                <div class=\"filter__title\">Maximale Kapazit\u00e4t<i class=\"fas fa-angle-down\"><\/i><\/div>\n                <fieldset data-filter=\"nombre_de_personnes\" data-operator=\"<=\" class=\"input\">\n                    \n                    <div><input type=\"radio\" name=\"nombre_de_personnes\" id=\"nombre_de_personnes-all\"  class=\"checkbox\" \/><label for='nombre_de_personnes-all'>Tous<\/label><\/div><div><input type=\"radio\" name=\"nombre_de_personnes\" id=\"nombre_de_personnes-3\" value=\"3\" class=\"checkbox\"  \/><label for='nombre_de_personnes-3'>Bis zu 3 pers.<\/label><\/div><div><input type=\"radio\" name=\"nombre_de_personnes\" id=\"nombre_de_personnes-3-4\" value=\"3-4\" class=\"checkbox\"  \/><label for='nombre_de_personnes-3-4'>Bis zu 3\/4 pers.<\/label><\/div><div><input type=\"radio\" name=\"nombre_de_personnes\" id=\"nombre_de_personnes-4\" value=\"4\" class=\"checkbox\"  \/><label for='nombre_de_personnes-4'>Bis zu 4 pers.<\/label><\/div><div><input type=\"radio\" name=\"nombre_de_personnes\" id=\"nombre_de_personnes-6\" value=\"6\" class=\"checkbox\"  \/><label for='nombre_de_personnes-6'>Bis zu 6 pers.<\/label><\/div>                <\/fieldset>\n            <\/div>\n                                <!-- Filtre nombre_de_chambres -->\n                        <div class=\"filter\" id=\"filter-nombre_de_chambres\">\n                <div class=\"filter__title\">Anzahl der Zimmer<i class=\"fas fa-angle-down\"><\/i><\/div>\n                <fieldset data-filter=\"nombre_de_chambres\" data-operator=\"==\" class=\"input\">\n                    \n                    <div><input type=\"radio\" name=\"nombre_de_chambres\" id=\"nombre_de_chambres-all\"  class=\"checkbox\" \/><label for='nombre_de_chambres-all'>Tous<\/label><\/div><div><input type=\"radio\" name=\"nombre_de_chambres\" id=\"nombre_de_chambres-1\" value=\"1\" class=\"checkbox\"  \/><label for='nombre_de_chambres-1'>1<\/label><\/div><div><input type=\"radio\" name=\"nombre_de_chambres\" id=\"nombre_de_chambres-2\" value=\"2\" class=\"checkbox\"  \/><label for='nombre_de_chambres-2'>2<\/label><\/div>                <\/fieldset>\n            <\/div>\n                    \n\n        \n    <\/div>\n<\/div><div class=\"ls-hebergements__results\" data-row=\"3\" data-campings=\"false\" data-types=\"[24]\"><div class=\"ls-hebergement\" data-postid='1415' data-id-reservation='1' data-id-site='' data-id1='' data-nombre_de_personnes='' data-nombre_de_chambres='' data-type='emplacement'>\n\t<div class=\"ls-hebergement__thumb\">\n\t\t\t\t<img decoding=\"async\" src=\"https:\/\/camping.fresnaysursarthe.fr\/wp-content\/uploads\/2023\/05\/emplacement-electricite-camping-le-sans-souci.webp\" alt=\"Stellpl\u00e4tze\" \/>\n\t<\/div>\n\n\n\t<div class=\"ls-hebergement__details\">\n\t\t<div class=\"ls-hebergement__background\"><\/div>\n\t\t<div class=\"ls-hebergement__title\">\n\t\t\tStellpl\u00e4tze\t\t<\/div>\n\n\t\t<div class=\"ls-hebergement__icons\">\n\t\t\t\n\t\t\t\n\t\t\t\n\t\t\t\t\t\t\t<span class=\"ls-hebergement__icon\">\n\t\t\t\t\t250m\u00b2\n\t\t\t\t<\/span>\n\t\t\t\n\t\t\t\n\t\t<\/div>\n\n\n\t\t<span class=\"ls-button aligncenter\">\n\t\t\tEntdecken Sie\t\t<\/span>\n\t<\/div>\n\n\n<\/div><\/div><\/div>\n\r\n    <\/div>\r\n<\/section><section id=\"ls-section-block_0e29aeb84ae17cd099892523898232c8\" class=\"ls-section  page-description has-background has-color-5-background-color has-p-b p-b-3\" >\r\n        <div class=\"container container--wide\">\r\n        \n\n<div class=\"wp-block-columns extra-gap is-layout-flex wp-container-core-columns-is-layout-9d6595d7 wp-block-columns-is-layout-flex\">\n<div class=\"wp-block-column is-vertically-aligned-center is-layout-flow wp-block-column-is-layout-flow\">\n<h2 class=\"ls__heading wp-block-heading\">Mieten Sie Ihren Stellplatz in der Sarthe<\/h2>\n\n\n\n<p class=\"ls-paragraph\">Haben Sie das Gef\u00fchl, dass Sie dieses Jahr wirklich einen Urlaub im Gr\u00fcnen brauchen, um durchzuatmen und neue Energie zu tanken? Verbringen Sie einen revitalisierenden Aufenthalt auf einem <strong>Stellplatz in Fresnay-sur-Sarthe<\/strong> auf dem <a href=\"https:\/\/camping.fresnaysursarthe.fr\/de\/guenstiger-campingplatz-fresnay-sur-sarthe\/\">Campingplatz zum kleinen Preis<\/a>!<\/p>\n\n\n\n<p class=\"ls-paragraph\">Am Flussufer, gegen\u00fcber den Weinbergen, wo die Schafe weiden, Sie werden die<strong>Privatsph\u00e4re unserer Parzellen<\/strong> sch\u00e4tzen, die<strong>durch<\/strong> dichte<strong> Hecken abgegrenzt<\/strong> und reichlich mit <strong>Rasen be<\/strong>pflanzt sind. <\/p>\n\n\n\n<p class=\"ls-paragraph\">W\u00e4hlen Sie einen<strong> sehr komfortablen<\/strong>, ruhigen<strong> Stellplatz<\/strong> f\u00fcr Ihr Wohnmobil oder eine <strong>Parzelle am Flussufer<\/strong> und in der N\u00e4he von Spielpl\u00e4tzen und Flussufern f\u00fcr einen Familienurlaub oder ein Angelwochenende.<\/p>\n<\/div>\n\n\n\n<div class=\"wp-block-column is-layout-flow wp-block-column-is-layout-flow\">\n<h2 class=\"ls__heading wp-block-heading\">Unsere zus\u00e4tzlichen Vermietungen f\u00fcr Ihren Caravaning-Aufenthalt<\/h2>\n\n\n\n<p class=\"ls-paragraph\">Um Ihnen w\u00e4hrend Ihres Aufenthalts den bestm\u00f6glichen Komfort zu bieten, egal ob Sie in einer <a href=\"https:\/\/camping.fresnaysursarthe.fr\/de\/vermietung-insolit-fresnay-sur-sarthe\/\">Mietunterkunft<\/a> oder auf einem Caravaning-Stellplatz \u00fcbernachten, bieten wir Ihnen zahlreiche Dienstleistungen an. Wenn Sie einen Stellplatz in Fresnay-sur-Sarthe mieten, haben Sie Zugang zum<strong>Waschraum <\/strong>, der mit M\u00fcnzen zug\u00e4nglich ist.<\/p>\n\n\n\n<p class=\"ls-paragraph\">Unser <strong>Verleihservice f\u00fcr<\/strong> Elektro- und Kinderfahrr\u00e4der erm\u00f6glicht es Ihnen, Ausfl\u00fcge und Wanderungen in den Alpes Mancelles zu planen, ohne Ihre eigenen Fahrr\u00e4der mitbringen zu m\u00fcssen. Minigolf wird Ihnen f\u00fcr 1 Euro pro Spiel angeboten.<br\/>Lust auf eine Wellness-Pause? Buchen Sie f\u00fcr 10 Euro unseren <strong> Sauna- und Jacuzzi-Bereich<\/strong>.<\/p>\n<\/div>\n<\/div>\n\n\r\n    <\/div>\r\n<\/section><section id=\"ls-section-block_2eaf552a70927d6348436b4047c27fec\" class=\"ls-section  home-first page-one has-p-t p-t-3\" >\r\n        <div class=\"container container--wide\">\r\n        \n\n<div class=\"wp-block-columns are-vertically-aligned-center is-layout-flex wp-container-core-columns-is-layout-9d6595d7 wp-block-columns-is-layout-flex\">\n<div class=\"wp-block-column is-vertically-aligned-center is-layout-flow wp-block-column-is-layout-flow\">\n<h2 class=\"ls__heading wp-block-heading\"><strong>Qualitativ hochwertige Sanit\u00e4ranlagen<\/strong><\/h2>\n\n\n\n<p class=\"ls-paragraph\">Mit der Vermietung von Stellpl\u00e4tzen im De partement Sarthe f\u00fcr Ihren <strong>Urlaub im Wohnmobil, im Wohnwagen oder im Zelt<\/strong>, der <a href=\"https:\/\/camping.fresnaysursarthe.fr\/de\/\">camping in Fresnay-sur-? Sarthe<\/a> stellt Ihnen<strong> hochwertige<\/strong> und <strong>perfekt gepflegte<\/strong><strong> Sanit\u00e4ranlagen<\/strong> zur Verf\u00fcgung.<\/p>\n\n\n\n<p class=\"ls-paragraph\">Die <strong>Sanit\u00e4ranlagen<\/strong> sind <strong>neu<\/strong>, <strong>hell<\/strong>, behindertengerecht und mit zahlreichen Annehmlichkeiten ausgestattet: Waschmaschine, W\u00e4schetrockner, B\u00fcgelbrett und -eisen, Babyraum, Entsorgungsm\u00f6glichkeiten <strong>f\u00fcr<\/strong> Wohnmobile.<\/p>\n\n\n\n<p class=\"ls-paragraph\"><strong>Zwei <\/strong>separate <strong> Sanit\u00e4rbl\u00f6cke <\/strong> erm\u00f6glichen den Camper immer einen schnellen Zugang zu den Annehmlichkeiten, auch von den Stellpl\u00e4tzen am Flussufer aus .<\/p>\n<\/div>\n\n\n\n<div class=\"wp-block-column is-vertically-aligned-center is-layout-flow wp-block-column-is-layout-flow\">\n<figure class=\"wp-block-gallery has-nested-images columns-1 is-cropped wp-block-gallery-1 is-layout-flex wp-block-gallery-is-layout-flex\">\n<figure class=\"wp-block-image size-full image-1 animated fadeIn slow\"><a href=\"https:\/\/camping.fresnaysursarthe.fr\/wp-content\/uploads\/2023\/06\/camping-avec-sanitaire-emplacement.webp\"><img decoding=\"async\" width=\"900\" height=\"600\" data-id=\"955\" src=\"https:\/\/camping.fresnaysursarthe.fr\/wp-content\/uploads\/2023\/06\/camping-avec-sanitaire-emplacement.webp\" alt=\"Campingplatz mit Sanit&#xE4;ranlagen Stellplatz\" class=\"wp-image-955\" srcset=\"https:\/\/camping.fresnaysursarthe.fr\/wp-content\/uploads\/2023\/06\/camping-avec-sanitaire-emplacement.webp 900w, https:\/\/camping.fresnaysursarthe.fr\/wp-content\/uploads\/2023\/06\/camping-avec-sanitaire-emplacement-300x200.webp 300w, https:\/\/camping.fresnaysursarthe.fr\/wp-content\/uploads\/2023\/06\/camping-avec-sanitaire-emplacement-768x512.webp 768w\" sizes=\"(max-width: 900px) 100vw, 900px\" \/><\/a><\/figure>\n\n\n\n<figure class=\"wp-block-image size-full image-2 animated fadeIn delay-100ms slow\"><a href=\"https:\/\/camping.fresnaysursarthe.fr\/wp-content\/uploads\/2023\/06\/sanitaires-de-qualite-sans-soucis-sarthe.webp\"><img decoding=\"async\" width=\"900\" height=\"600\" data-id=\"947\" src=\"https:\/\/camping.fresnaysursarthe.fr\/wp-content\/uploads\/2023\/06\/sanitaires-de-qualite-sans-soucis-sarthe.webp\" alt=\"qualitativ hochwertige Sanit&#xE4;ranlagen ohne Sorgen\" class=\"wp-image-947\" srcset=\"https:\/\/camping.fresnaysursarthe.fr\/wp-content\/uploads\/2023\/06\/sanitaires-de-qualite-sans-soucis-sarthe.webp 900w, https:\/\/camping.fresnaysursarthe.fr\/wp-content\/uploads\/2023\/06\/sanitaires-de-qualite-sans-soucis-sarthe-300x200.webp 300w, https:\/\/camping.fresnaysursarthe.fr\/wp-content\/uploads\/2023\/06\/sanitaires-de-qualite-sans-soucis-sarthe-768x512.webp 768w\" sizes=\"(max-width: 900px) 100vw, 900px\" \/><\/a><\/figure>\n\n\n\n<figure class=\"wp-block-image size-full image-3 animated fadeIn delay-200ms slow\"><a href=\"https:\/\/camping.fresnaysursarthe.fr\/wp-content\/uploads\/2023\/06\/emplacement-tente-sans-soucis-sarthe.webp\"><img decoding=\"async\" width=\"900\" height=\"600\" data-id=\"958\" src=\"https:\/\/camping.fresnaysursarthe.fr\/wp-content\/uploads\/2023\/06\/emplacement-tente-sans-soucis-sarthe.webp\" alt=\"zeltplatz sorglos sarthe\" class=\"wp-image-958\" srcset=\"https:\/\/camping.fresnaysursarthe.fr\/wp-content\/uploads\/2023\/06\/emplacement-tente-sans-soucis-sarthe.webp 900w, https:\/\/camping.fresnaysursarthe.fr\/wp-content\/uploads\/2023\/06\/emplacement-tente-sans-soucis-sarthe-300x200.webp 300w, https:\/\/camping.fresnaysursarthe.fr\/wp-content\/uploads\/2023\/06\/emplacement-tente-sans-soucis-sarthe-768x512.webp 768w\" sizes=\"(max-width: 900px) 100vw, 900px\" \/><\/a><\/figure>\n<\/figure>\n<\/div>\n<\/div>\n\n\r\n    <\/div>\r\n<\/section><section id=\"ls-section-block_2d253dc38868ce56d3c0aa6051e70e97\" class=\"ls-section  page-four\" >\r\n        <div class=\"container container--wide\">\r\n        \n\n<div id=\"ls-heading ls-titre-div-block_f0bf2c6c09f80f8c6846fb50d0367e8c\" class=\"ls-titre-div aligncenter h2-like\" >\n    <strong>Entdecken Sie unsere Mietunterk\u00fcnfte, unsere Preise und unseren Service<\/div>\n\n\n\n<div id=\"ls-maillage-block_eb94744528c705931f05aeb17619f74f\" class=\"ls-maillage cta-style-normal\" data-rows=\"3\">\n\n    <div class=\"wp-block-columns\"><div class=\"wp-block-column\"><div class=\"ls-cta\">\n\n<a href=\"https:\/\/camping.fresnaysursarthe.fr\/de\/guenstiger-campingplatz-fresnay-sur-sarthe\/\" target=\"\" rel=\"noopener\" class=\"ls-cta__link\">\n\n\t<div class=\"ls-cta__image\"><img decoding=\"async\" src=\"https:\/\/camping.fresnaysursarthe.fr\/wp-content\/uploads\/2023\/06\/camping-familial-pas-cher-fresnay-sur-sarthe.webp\" alt=\"g\u00fcnstiger familiencampingplatz fresnay sur sarthe\"><\/div>\n\t<div class=\"ls-cta__title\">\n\t\tTarife\t<\/div>\n\n\t\t\n<\/a><\/div><\/div><div class=\"wp-block-column\"><div class=\"ls-cta\">\n\n<a href=\"https:\/\/camping.fresnaysursarthe.fr\/de\/familien-campingplatz-fresnay-sur-sarthe\/\" target=\"\" rel=\"noopener\" class=\"ls-cta__link\">\n\n\t<div class=\"ls-cta__image\"><img decoding=\"async\" src=\"https:\/\/camping.fresnaysursarthe.fr\/wp-content\/uploads\/2023\/06\/services-de-qualite-camping-sans-soucis.webp\" alt=\"hochwertige Dienstleistungen sorgloses Campen\"><\/div>\n\t<div class=\"ls-cta__title\">\n\t\tService und Ausstattung\t<\/div>\n\n\t\t\n<\/a><\/div><\/div><div class=\"wp-block-column\"><div class=\"ls-cta\">\n\n<a href=\"https:\/\/camping.fresnaysursarthe.fr\/de\/vermietung-insolit-fresnay-sur-sarthe\/\" target=\"\" rel=\"noopener\" class=\"ls-cta__link\">\n\n\t<div class=\"ls-cta__image\"><img decoding=\"async\" src=\"https:\/\/camping.fresnaysursarthe.fr\/wp-content\/uploads\/2023\/06\/location-insolitesarthe-camping-sans-soucis.webp\" alt=\"vermietung ungew\u00f6hnlich sarthe camping ohne sorgen\"><\/div>\n\t<div class=\"ls-cta__title\">\n\t\tVermietungen\t<\/div>\n\n\t\t\n<\/a><\/div><\/div><\/div>\n<\/div>\n\r\n    <\/div>\r\n<\/section>","protected":false},"excerpt":{"rendered":"","protected":false},"author":1,"featured_media":1299,"parent":0,"menu_order":0,"comment_status":"closed","ping_status":"closed","template":"","meta":{"_acf_changed":false,"footnotes":""},"sujet":[],"class_list":["post-1523","page","type-page","status-publish","has-post-thumbnail","hentry"],"acf":[],"yoast_head":"<!-- This site is optimized with the Yoast SEO plugin v23.4 - https:\/\/yoast.com\/wordpress\/plugins\/seo\/ -->\n<title>Stellplatz mieten Fresnay | Stellplatz Caravaning Sarthe<\/title>\n<meta name=\"description\" content=\"Um Ihren Stellplatz auszuw\u00e4hlen und zu reservieren, rufen Sie bitte unter 02.43.97.32.87 an. Am Ufer des Flusses Sarthe, 5 Minuten vom Zentrum entfernt\" \/>\n<meta name=\"robots\" content=\"index, follow, max-snippet:-1, max-image-preview:large, max-video-preview:-1\" \/>\n<link rel=\"canonical\" href=\"https:\/\/camping.fresnaysursarthe.fr\/de\/vermietung-stellplatz-fresnay-sur-sarthe\/\" \/>\n<meta property=\"og:locale\" content=\"de_DE\" \/>\n<meta property=\"og:type\" content=\"article\" \/>\n<meta property=\"og:title\" content=\"Stellplatz mieten Fresnay | Stellplatz Caravaning Sarthe\" \/>\n<meta property=\"og:description\" content=\"Um Ihren Stellplatz auszuw\u00e4hlen und zu reservieren, rufen Sie bitte unter 02.43.97.32.87 an. Am Ufer des Flusses Sarthe, 5 Minuten vom Zentrum entfernt\" \/>\n<meta property=\"og:url\" content=\"https:\/\/camping.fresnaysursarthe.fr\/de\/vermietung-stellplatz-fresnay-sur-sarthe\/\" \/>\n<meta property=\"og:site_name\" content=\"Camping Le Sans Souci\" \/>\n<meta property=\"article:modified_time\" content=\"2025-03-31T09:42:18+00:00\" \/>\n<meta property=\"og:image\" content=\"https:\/\/camping.fresnaysursarthe.fr\/wp-content\/uploads\/2023\/06\/emplacement-tente-camping-sans-soucis-1.webp\" \/>\n\t<meta property=\"og:image:width\" content=\"1920\" \/>\n\t<meta property=\"og:image:height\" content=\"450\" \/>\n\t<meta property=\"og:image:type\" content=\"image\/webp\" \/>\n<meta name=\"twitter:card\" content=\"summary_large_image\" \/>\n<meta name=\"twitter:label1\" content=\"Gesch\u00e4tzte Lesezeit\" \/>\n\t<meta name=\"twitter:data1\" content=\"2\u00a0Minuten\" \/>\n<script type=\"application\/ld+json\" class=\"yoast-schema-graph\">{\"@context\":\"https:\/\/schema.org\",\"@graph\":[{\"@type\":\"WebPage\",\"@id\":\"https:\/\/camping.fresnaysursarthe.fr\/de\/vermietung-stellplatz-fresnay-sur-sarthe\/\",\"url\":\"https:\/\/camping.fresnaysursarthe.fr\/de\/vermietung-stellplatz-fresnay-sur-sarthe\/\",\"name\":\"Stellplatz mieten Fresnay | Stellplatz Caravaning Sarthe\",\"isPartOf\":{\"@id\":\"https:\/\/camping.fresnaysursarthe.fr\/#website\"},\"primaryImageOfPage\":{\"@id\":\"https:\/\/camping.fresnaysursarthe.fr\/de\/vermietung-stellplatz-fresnay-sur-sarthe\/#primaryimage\"},\"image\":{\"@id\":\"https:\/\/camping.fresnaysursarthe.fr\/de\/vermietung-stellplatz-fresnay-sur-sarthe\/#primaryimage\"},\"thumbnailUrl\":\"https:\/\/camping.fresnaysursarthe.fr\/wp-content\/uploads\/2023\/06\/emplacement-tente-camping-sans-soucis-1.webp\",\"datePublished\":\"2023-05-24T07:38:44+00:00\",\"dateModified\":\"2025-03-31T09:42:18+00:00\",\"description\":\"Um Ihren Stellplatz auszuw\u00e4hlen und zu reservieren, rufen Sie bitte unter 02.43.97.32.87 an. Am Ufer des Flusses Sarthe, 5 Minuten vom Zentrum entfernt\",\"breadcrumb\":{\"@id\":\"https:\/\/camping.fresnaysursarthe.fr\/de\/vermietung-stellplatz-fresnay-sur-sarthe\/#breadcrumb\"},\"inLanguage\":\"de\",\"potentialAction\":[{\"@type\":\"ReadAction\",\"target\":[\"https:\/\/camping.fresnaysursarthe.fr\/de\/vermietung-stellplatz-fresnay-sur-sarthe\/\"]}]},{\"@type\":\"ImageObject\",\"inLanguage\":\"de\",\"@id\":\"https:\/\/camping.fresnaysursarthe.fr\/de\/vermietung-stellplatz-fresnay-sur-sarthe\/#primaryimage\",\"url\":\"https:\/\/camping.fresnaysursarthe.fr\/wp-content\/uploads\/2023\/06\/emplacement-tente-camping-sans-soucis-1.webp\",\"contentUrl\":\"https:\/\/camping.fresnaysursarthe.fr\/wp-content\/uploads\/2023\/06\/emplacement-tente-camping-sans-soucis-1.webp\",\"width\":1920,\"height\":450,\"caption\":\"stellplatz zelt camping sorglos\"},{\"@type\":\"BreadcrumbList\",\"@id\":\"https:\/\/camping.fresnaysursarthe.fr\/de\/vermietung-stellplatz-fresnay-sur-sarthe\/#breadcrumb\",\"itemListElement\":[{\"@type\":\"ListItem\",\"position\":1,\"name\":\"Camping Sarthe\",\"item\":\"https:\/\/camping.fresnaysursarthe.fr\/de\/\"},{\"@type\":\"ListItem\",\"position\":2,\"name\":\"Mietobjekt Stellplatz in Sarthe\"}]},{\"@type\":\"WebSite\",\"@id\":\"https:\/\/camping.fresnaysursarthe.fr\/#website\",\"url\":\"https:\/\/camping.fresnaysursarthe.fr\/\",\"name\":\"Camping Le Sans Souci\",\"description\":\"\",\"publisher\":{\"@id\":\"https:\/\/camping.fresnaysursarthe.fr\/#organization\"},\"potentialAction\":[{\"@type\":\"SearchAction\",\"target\":{\"@type\":\"EntryPoint\",\"urlTemplate\":\"https:\/\/camping.fresnaysursarthe.fr\/?s={search_term_string}\"},\"query-input\":{\"@type\":\"PropertyValueSpecification\",\"valueRequired\":true,\"valueName\":\"search_term_string\"}}],\"inLanguage\":\"de\"},{\"@type\":\"Organization\",\"@id\":\"https:\/\/camping.fresnaysursarthe.fr\/#organization\",\"name\":\"Camping Le Sans Souci\",\"url\":\"https:\/\/camping.fresnaysursarthe.fr\/\",\"logo\":{\"@type\":\"ImageObject\",\"inLanguage\":\"de\",\"@id\":\"https:\/\/camping.fresnaysursarthe.fr\/#\/schema\/logo\/image\/\",\"url\":\"https:\/\/camping.fresnaysursarthe.fr\/wp-content\/uploads\/2023\/05\/logo-camping-le-sans-souci.webp\",\"contentUrl\":\"https:\/\/camping.fresnaysursarthe.fr\/wp-content\/uploads\/2023\/05\/logo-camping-le-sans-souci.webp\",\"width\":596,\"height\":674,\"caption\":\"Camping Le Sans Souci\"},\"image\":{\"@id\":\"https:\/\/camping.fresnaysursarthe.fr\/#\/schema\/logo\/image\/\"}}]}<\/script>\n<!-- \/ Yoast SEO plugin. -->","yoast_head_json":{"title":"Stellplatz mieten Fresnay | Stellplatz Caravaning Sarthe","description":"Um Ihren Stellplatz auszuw\u00e4hlen und zu reservieren, rufen Sie bitte unter 02.43.97.32.87 an. Am Ufer des Flusses Sarthe, 5 Minuten vom Zentrum entfernt","robots":{"index":"index","follow":"follow","max-snippet":"max-snippet:-1","max-image-preview":"max-image-preview:large","max-video-preview":"max-video-preview:-1"},"canonical":"https:\/\/camping.fresnaysursarthe.fr\/de\/vermietung-stellplatz-fresnay-sur-sarthe\/","og_locale":"de_DE","og_type":"article","og_title":"Stellplatz mieten Fresnay | Stellplatz Caravaning Sarthe","og_description":"Um Ihren Stellplatz auszuw\u00e4hlen und zu reservieren, rufen Sie bitte unter 02.43.97.32.87 an. Am Ufer des Flusses Sarthe, 5 Minuten vom Zentrum entfernt","og_url":"https:\/\/camping.fresnaysursarthe.fr\/de\/vermietung-stellplatz-fresnay-sur-sarthe\/","og_site_name":"Camping Le Sans Souci","article_modified_time":"2025-03-31T09:42:18+00:00","og_image":[{"width":1920,"height":450,"url":"https:\/\/camping.fresnaysursarthe.fr\/wp-content\/uploads\/2023\/06\/emplacement-tente-camping-sans-soucis-1.webp","type":"image\/webp"}],"twitter_card":"summary_large_image","twitter_misc":{"Gesch\u00e4tzte Lesezeit":"2\u00a0Minuten"},"schema":{"@context":"https:\/\/schema.org","@graph":[{"@type":"WebPage","@id":"https:\/\/camping.fresnaysursarthe.fr\/de\/vermietung-stellplatz-fresnay-sur-sarthe\/","url":"https:\/\/camping.fresnaysursarthe.fr\/de\/vermietung-stellplatz-fresnay-sur-sarthe\/","name":"Stellplatz mieten Fresnay | Stellplatz Caravaning Sarthe","isPartOf":{"@id":"https:\/\/camping.fresnaysursarthe.fr\/#website"},"primaryImageOfPage":{"@id":"https:\/\/camping.fresnaysursarthe.fr\/de\/vermietung-stellplatz-fresnay-sur-sarthe\/#primaryimage"},"image":{"@id":"https:\/\/camping.fresnaysursarthe.fr\/de\/vermietung-stellplatz-fresnay-sur-sarthe\/#primaryimage"},"thumbnailUrl":"https:\/\/camping.fresnaysursarthe.fr\/wp-content\/uploads\/2023\/06\/emplacement-tente-camping-sans-soucis-1.webp","datePublished":"2023-05-24T07:38:44+00:00","dateModified":"2025-03-31T09:42:18+00:00","description":"Um Ihren Stellplatz auszuw\u00e4hlen und zu reservieren, rufen Sie bitte unter 02.43.97.32.87 an. Am Ufer des Flusses Sarthe, 5 Minuten vom Zentrum entfernt","breadcrumb":{"@id":"https:\/\/camping.fresnaysursarthe.fr\/de\/vermietung-stellplatz-fresnay-sur-sarthe\/#breadcrumb"},"inLanguage":"de","potentialAction":[{"@type":"ReadAction","target":["https:\/\/camping.fresnaysursarthe.fr\/de\/vermietung-stellplatz-fresnay-sur-sarthe\/"]}]},{"@type":"ImageObject","inLanguage":"de","@id":"https:\/\/camping.fresnaysursarthe.fr\/de\/vermietung-stellplatz-fresnay-sur-sarthe\/#primaryimage","url":"https:\/\/camping.fresnaysursarthe.fr\/wp-content\/uploads\/2023\/06\/emplacement-tente-camping-sans-soucis-1.webp","contentUrl":"https:\/\/camping.fresnaysursarthe.fr\/wp-content\/uploads\/2023\/06\/emplacement-tente-camping-sans-soucis-1.webp","width":1920,"height":450,"caption":"stellplatz zelt camping sorglos"},{"@type":"BreadcrumbList","@id":"https:\/\/camping.fresnaysursarthe.fr\/de\/vermietung-stellplatz-fresnay-sur-sarthe\/#breadcrumb","itemListElement":[{"@type":"ListItem","position":1,"name":"Camping Sarthe","item":"https:\/\/camping.fresnaysursarthe.fr\/de\/"},{"@type":"ListItem","position":2,"name":"Mietobjekt Stellplatz in Sarthe"}]},{"@type":"WebSite","@id":"https:\/\/camping.fresnaysursarthe.fr\/#website","url":"https:\/\/camping.fresnaysursarthe.fr\/","name":"Camping Le Sans Souci","description":"","publisher":{"@id":"https:\/\/camping.fresnaysursarthe.fr\/#organization"},"potentialAction":[{"@type":"SearchAction","target":{"@type":"EntryPoint","urlTemplate":"https:\/\/camping.fresnaysursarthe.fr\/?s={search_term_string}"},"query-input":{"@type":"PropertyValueSpecification","valueRequired":true,"valueName":"search_term_string"}}],"inLanguage":"de"},{"@type":"Organization","@id":"https:\/\/camping.fresnaysursarthe.fr\/#organization","name":"Camping Le Sans Souci","url":"https:\/\/camping.fresnaysursarthe.fr\/","logo":{"@type":"ImageObject","inLanguage":"de","@id":"https:\/\/camping.fresnaysursarthe.fr\/#\/schema\/logo\/image\/","url":"https:\/\/camping.fresnaysursarthe.fr\/wp-content\/uploads\/2023\/05\/logo-camping-le-sans-souci.webp","contentUrl":"https:\/\/camping.fresnaysursarthe.fr\/wp-content\/uploads\/2023\/05\/logo-camping-le-sans-souci.webp","width":596,"height":674,"caption":"Camping Le Sans Souci"},"image":{"@id":"https:\/\/camping.fresnaysursarthe.fr\/#\/schema\/logo\/image\/"}}]}},"_links":{"self":[{"href":"https:\/\/camping.fresnaysursarthe.fr\/de\/wp-json\/wp\/v2\/pages\/1523","targetHints":{"allow":["GET"]}}],"collection":[{"href":"https:\/\/camping.fresnaysursarthe.fr\/de\/wp-json\/wp\/v2\/pages"}],"about":[{"href":"https:\/\/camping.fresnaysursarthe.fr\/de\/wp-json\/wp\/v2\/types\/page"}],"author":[{"embeddable":true,"href":"https:\/\/camping.fresnaysursarthe.fr\/de\/wp-json\/wp\/v2\/users\/1"}],"replies":[{"embeddable":true,"href":"https:\/\/camping.fresnaysursarthe.fr\/de\/wp-json\/wp\/v2\/comments?post=1523"}],"version-history":[{"count":6,"href":"https:\/\/camping.fresnaysursarthe.fr\/de\/wp-json\/wp\/v2\/pages\/1523\/revisions"}],"predecessor-version":[{"id":1896,"href":"https:\/\/camping.fresnaysursarthe.fr\/de\/wp-json\/wp\/v2\/pages\/1523\/revisions\/1896"}],"wp:featuredmedia":[{"embeddable":true,"href":"https:\/\/camping.fresnaysursarthe.fr\/de\/wp-json\/wp\/v2\/media\/1299"}],"wp:attachment":[{"href":"https:\/\/camping.fresnaysursarthe.fr\/de\/wp-json\/wp\/v2\/media?parent=1523"}],"wp:term":[{"taxonomy":"sujet","embeddable":true,"href":"https:\/\/camping.fresnaysursarthe.fr\/de\/wp-json\/wp\/v2\/sujet?post=1523"}],"curies":[{"name":"wp","href":"https:\/\/api.w.org\/{rel}","templated":true}]}}