{"id":1527,"date":"2023-05-24T09:40:13","date_gmt":"2023-05-24T07:40:13","guid":{"rendered":"https:\/\/camping.fresnaysursarthe.fr\/kontakt-acces\/"},"modified":"2025-03-31T11:47:31","modified_gmt":"2025-03-31T09:47:31","slug":"kontakt-acces","status":"publish","type":"page","link":"https:\/\/camping.fresnaysursarthe.fr\/de\/kontakt-acces\/","title":{"rendered":"Kontakt und Zugang"},"content":{"rendered":"<section id=\"ls-section-block_63a00ed7b491311a1b64e357b57814ed\" class=\"ls-section  page-titre\" >\r\n        <div class=\"container container--wide\">\r\n        \n\n<h1 class=\"ls__heading wp-block-heading has-text-align-center\">Kontakt und Zugang<\/h1>\n\n\r\n    <\/div>\r\n<\/section><section id=\"ls-section-block_2b6afbc33e05e3a63002c5ecde2d37f4\" class=\"ls-section  page-description has-background has-color-5-background-color\" >\r\n        <div class=\"container container--wide\">\r\n        \n\n<div class=\"wp-block-columns is-layout-flex wp-container-core-columns-is-layout-9d6595d7 wp-block-columns-is-layout-flex\">\n<div class=\"wp-block-column is-layout-flow wp-block-column-is-layout-flow\">\n<h2 class=\"ls__heading wp-block-heading\">Kontaktieren Sie uns<\/h2>\n\n\n\n<p class=\"ls-paragraph\">Unser Team steht Ihnen gerne zur Verf\u00fcgung, um alle Ihre Anfragen zu beantworten. Sie k\u00f6nnen uns \u00fcber das Kontaktformular, per E-Mail oder telefonisch erreichen.<\/p>\n\n\n\n<ul class=\"ls-list ls-list-undefined wp-block-list\">\n<li>Tel. : <strong>+33 2 43 97 32 87<\/strong><\/li>\n\n\n\n<li>Mobil : <strong>+33 6 49 99 02 98<\/strong><\/li>\n\n\n\n<li>E-Mail: <strong>fresnaycamping@gmail.com<\/strong><\/li>\n<\/ul>\n\n\n\r\n<div id=\"ls-socials-block_fd58e8343242669bae27445146a2c9e0\" class=\"ls-socials\" >\r\n    <div class=\"ls-socials__content\">\r\n                                                <a class=\"ls-socials__item\" href=\"https:\/\/www.facebook.com\/CampingDuSansSouci\/\" title=\"Retrouvez-nous sur facebook\" target=\"_blank\" rel=\"noopener\">\r\n                    <i class=\"fab fa-facebook\"><\/i>\r\n                <\/a>\r\n                            <a class=\"ls-socials__item\" href=\"https:\/\/www.instagram.com\/campingdusanssouci\/\" title=\"Retrouvez-nous sur instagram\" target=\"_blank\" rel=\"noopener\">\r\n                    <i class=\"fab fa-instagram\"><\/i>\r\n                <\/a>\r\n                        <\/div>\r\n<\/div><\/div>\n\n\n\n<div class=\"wp-block-column is-vertically-aligned-center is-layout-flow wp-block-column-is-layout-flow\">\n<div class=\"wp-block-contact-form-7-contact-form-selector\">\n<div class=\"wpcf7 no-js\" id=\"wpcf7-f1387-o1\" lang=\"de-DE\" dir=\"ltr\">\n<div class=\"screen-reader-response\"><p role=\"status\" aria-live=\"polite\" aria-atomic=\"true\"><\/p> <ul><\/ul><\/div>\n<form action=\"\/de\/wp-json\/wp\/v2\/pages\/1527#wpcf7-f1387-o1\" method=\"post\" class=\"wpcf7-form init\" aria-label=\"Kontaktformular\" novalidate=\"novalidate\" data-status=\"init\">\n<div style=\"display: none;\">\n<input type=\"hidden\" name=\"_wpcf7\" value=\"1387\" \/>\n<input type=\"hidden\" name=\"_wpcf7_version\" value=\"5.9.8\" \/>\n<input type=\"hidden\" name=\"_wpcf7_locale\" value=\"de_DE\" \/>\n<input type=\"hidden\" name=\"_wpcf7_unit_tag\" value=\"wpcf7-f1387-o1\" \/>\n<input type=\"hidden\" name=\"_wpcf7_container_post\" value=\"0\" \/>\n<input type=\"hidden\" name=\"_wpcf7_posted_data_hash\" value=\"\" \/>\n<input type=\"hidden\" name=\"_wpcf7_recaptcha_response\" value=\"\" \/>\n<\/div>\n<p><label> Ihr Name<br \/>\n<span class=\"wpcf7-form-control-wrap\" data-name=\"your-name\"><input size=\"40\" maxlength=\"400\" class=\"wpcf7-form-control wpcf7-text wpcf7-validates-as-required\" autocomplete=\"name\" aria-required=\"true\" aria-invalid=\"false\" value=\"\" type=\"text\" name=\"your-name\" \/><\/span> <\/label>\n<\/p>\n<p><label> Ihre E-Mail<br \/>\n<span class=\"wpcf7-form-control-wrap\" data-name=\"your-email\"><input size=\"40\" maxlength=\"400\" class=\"wpcf7-form-control wpcf7-email wpcf7-validates-as-required wpcf7-text wpcf7-validates-as-email\" autocomplete=\"email\" aria-required=\"true\" aria-invalid=\"false\" value=\"\" type=\"email\" name=\"your-email\" \/><\/span> <\/label>\n<\/p>\n<p><label> Objekt<br \/>\n<span class=\"wpcf7-form-control-wrap\" data-name=\"your-subject\"><input size=\"40\" maxlength=\"400\" class=\"wpcf7-form-control wpcf7-text wpcf7-validates-as-required\" aria-required=\"true\" aria-invalid=\"false\" value=\"\" type=\"text\" name=\"your-subject\" \/><\/span> <\/label>\n<\/p>\n<p><label> Ihre Nachricht<br \/>\n<span class=\"wpcf7-form-control-wrap\" data-name=\"your-message\"><textarea cols=\"40\" rows=\"10\" maxlength=\"2000\" class=\"wpcf7-form-control wpcf7-textarea\" aria-invalid=\"false\" name=\"your-message\"><\/textarea><\/span> <\/label>\n<\/p>\n<p><span class=\"wpcf7-form-control-wrap\" data-name=\"acceptance-553\"><span class=\"wpcf7-form-control wpcf7-acceptance\"><span class=\"wpcf7-list-item\"><label><input type=\"checkbox\" name=\"acceptance-553\" value=\"1\" aria-invalid=\"false\" \/><span class=\"wpcf7-list-item-label\">Indem ich dieses K\u00e4stchen ankreuze, stimme ich der <a href=\"\/de\/datenschutzrichtlinie\/\" rel=\"nofollow\" target=\"_blank\">Datenschutzrichtlinie<\/a> dieser Website zu.<\/span><\/label><\/span><\/span><\/span><input class=\"wpcf7-form-control wpcf7-submit has-spinner\" type=\"submit\" value=\"Senden Sie\" \/>\n<\/p><input type='hidden' class='wpcf7-pum' value='{\"closepopup\":false,\"closedelay\":0,\"openpopup\":false,\"openpopup_id\":0}' \/><div class=\"wpcf7-response-output\" aria-hidden=\"true\"><\/div>\n<\/form>\n<\/div>\n<\/div>\n<\/div>\n<\/div>\n\n\r\n    <\/div>\r\n<\/section><section id=\"ls-section-block_88ec1c58673f3965904b4ccedaa80ae0\" class=\"ls-section  page-description page-contact\" >\r\n        <div class=\"container container--full\">\r\n        \n\n<div class=\"wp-block-columns is-layout-flex wp-container-core-columns-is-layout-9d6595d7 wp-block-columns-is-layout-flex\">\n<div class=\"wp-block-column is-layout-flow wp-block-column-is-layout-flow\">\n<iframe src=\"https:\/\/www.google.com\/maps\/embed?pb=!1m18!1m12!1m3!1d1877.333375149316!2d0.010008197445547913!3d48.28457161608729!2m3!1f0!2f0!3f0!3m2!1i1024!2i768!4f13.1!3m3!1m2!1s0x47e2763508c5d605%3A0x5ff62f452f23a29!2sLe%20Camping%20du%20Sans%20Souci!5e0!3m2!1sfr!2sfr!4v1687339820080!5m2!1sfr!2sfr\" width=\"100%\" height=\"700\" style=\"border:0;\" allowfullscreen=\"\" loading=\"lazy\" referrerpolicy=\"no-referrer-when-downgrade\"><\/iframe>\n<\/div>\n\n\n\n<div class=\"wp-block-column is-vertically-aligned-center is-layout-flow wp-block-column-is-layout-flow\">\n<h2 class=\"ls__heading wp-block-heading has-text-align-left\"><strong>Zugang zum Campingplatz<\/strong><\/h2>\n\n\n\n<p class=\"ls-paragraph\"><\/p>\n\n\n\n<p class=\"ls-paragraph\">We heten je van harte welkom op de gemeentelijke <a href=\"https:\/\/camping.fresnaysursarthe.fr\/de\/\">camping van La Fresnay-sur-Sarthe<\/a> en om je te helpen bij het plannen van je reis, vind je hier de belangrijkste transportmiddelen om bij ons te komen:<\/p>\n\n\n\n<p class=\"ls-paragraph\"><strong>Met de trein :<\/strong><\/p>\n\n\n\n<p class=\"ls-paragraph\"><strong>Over de weg : <\/strong><\/p>\n\n\n\n<p class=\"ls-paragraph\"><strong>Met het vliegtuig :<\/strong><\/p>\n\n\n\n<p class=\"ls-paragraph\"><\/p>\n<\/div>\n<\/div>\n\n\r\n    <\/div>\r\n<\/section>","protected":false},"excerpt":{"rendered":"","protected":false},"author":1,"featured_media":0,"parent":0,"menu_order":0,"comment_status":"closed","ping_status":"closed","template":"","meta":{"_acf_changed":false,"footnotes":""},"sujet":[],"class_list":["post-1527","page","type-page","status-publish","hentry"],"acf":[],"yoast_head":"<!-- This site is optimized with the Yoast SEO plugin v23.4 - https:\/\/yoast.com\/wordpress\/plugins\/seo\/ -->\n<title>Kontaktieren Sie den Campingplatz Sans Souci | Route Camping Fresnay<\/title>\n<meta name=\"description\" content=\"Campingplatz du sans Souci Adresse: All\u00e9e Andr\u00e9 Chevalier - 72130 Fresnay sur Sarthe - Frankreich T\u00e9l. : +33 2 43 97 32 87 - Fax : +33 2 43 33 75 72\" \/>\n<meta name=\"robots\" content=\"index, follow, max-snippet:-1, max-image-preview:large, max-video-preview:-1\" \/>\n<link rel=\"canonical\" href=\"https:\/\/camping.fresnaysursarthe.fr\/de\/kontakt-acces\/\" \/>\n<meta property=\"og:locale\" content=\"de_DE\" \/>\n<meta property=\"og:type\" content=\"article\" \/>\n<meta property=\"og:title\" content=\"Kontaktieren Sie den Campingplatz Sans Souci | Route Camping Fresnay\" \/>\n<meta property=\"og:description\" content=\"Campingplatz du sans Souci Adresse: All\u00e9e Andr\u00e9 Chevalier - 72130 Fresnay sur Sarthe - Frankreich T\u00e9l. : +33 2 43 97 32 87 - Fax : +33 2 43 33 75 72\" \/>\n<meta property=\"og:url\" content=\"https:\/\/camping.fresnaysursarthe.fr\/de\/kontakt-acces\/\" \/>\n<meta property=\"og:site_name\" content=\"Camping Le Sans Souci\" \/>\n<meta property=\"article:modified_time\" content=\"2025-03-31T09:47:31+00:00\" \/>\n<meta name=\"twitter:card\" content=\"summary_large_image\" \/>\n<script type=\"application\/ld+json\" class=\"yoast-schema-graph\">{\"@context\":\"https:\/\/schema.org\",\"@graph\":[{\"@type\":\"WebPage\",\"@id\":\"https:\/\/camping.fresnaysursarthe.fr\/de\/kontakt-acces\/\",\"url\":\"https:\/\/camping.fresnaysursarthe.fr\/de\/kontakt-acces\/\",\"name\":\"Kontaktieren Sie den Campingplatz Sans Souci | Route Camping Fresnay\",\"isPartOf\":{\"@id\":\"https:\/\/camping.fresnaysursarthe.fr\/#website\"},\"datePublished\":\"2023-05-24T07:40:13+00:00\",\"dateModified\":\"2025-03-31T09:47:31+00:00\",\"description\":\"Campingplatz du sans Souci Adresse: All\u00e9e Andr\u00e9 Chevalier - 72130 Fresnay sur Sarthe - Frankreich T\u00e9l. : +33 2 43 97 32 87 - Fax : +33 2 43 33 75 72\",\"breadcrumb\":{\"@id\":\"https:\/\/camping.fresnaysursarthe.fr\/de\/kontakt-acces\/#breadcrumb\"},\"inLanguage\":\"de\",\"potentialAction\":[{\"@type\":\"ReadAction\",\"target\":[\"https:\/\/camping.fresnaysursarthe.fr\/de\/kontakt-acces\/\"]}]},{\"@type\":\"BreadcrumbList\",\"@id\":\"https:\/\/camping.fresnaysursarthe.fr\/de\/kontakt-acces\/#breadcrumb\",\"itemListElement\":[{\"@type\":\"ListItem\",\"position\":1,\"name\":\"Camping Sarthe\",\"item\":\"https:\/\/camping.fresnaysursarthe.fr\/de\/\"},{\"@type\":\"ListItem\",\"position\":2,\"name\":\"Kontakt, Zugang\"}]},{\"@type\":\"WebSite\",\"@id\":\"https:\/\/camping.fresnaysursarthe.fr\/#website\",\"url\":\"https:\/\/camping.fresnaysursarthe.fr\/\",\"name\":\"Camping Le Sans Souci\",\"description\":\"\",\"publisher\":{\"@id\":\"https:\/\/camping.fresnaysursarthe.fr\/#organization\"},\"potentialAction\":[{\"@type\":\"SearchAction\",\"target\":{\"@type\":\"EntryPoint\",\"urlTemplate\":\"https:\/\/camping.fresnaysursarthe.fr\/?s={search_term_string}\"},\"query-input\":{\"@type\":\"PropertyValueSpecification\",\"valueRequired\":true,\"valueName\":\"search_term_string\"}}],\"inLanguage\":\"de\"},{\"@type\":\"Organization\",\"@id\":\"https:\/\/camping.fresnaysursarthe.fr\/#organization\",\"name\":\"Camping Le Sans Souci\",\"url\":\"https:\/\/camping.fresnaysursarthe.fr\/\",\"logo\":{\"@type\":\"ImageObject\",\"inLanguage\":\"de\",\"@id\":\"https:\/\/camping.fresnaysursarthe.fr\/#\/schema\/logo\/image\/\",\"url\":\"https:\/\/camping.fresnaysursarthe.fr\/wp-content\/uploads\/2023\/05\/logo-camping-le-sans-souci.webp\",\"contentUrl\":\"https:\/\/camping.fresnaysursarthe.fr\/wp-content\/uploads\/2023\/05\/logo-camping-le-sans-souci.webp\",\"width\":596,\"height\":674,\"caption\":\"Camping Le Sans Souci\"},\"image\":{\"@id\":\"https:\/\/camping.fresnaysursarthe.fr\/#\/schema\/logo\/image\/\"}}]}<\/script>\n<!-- \/ Yoast SEO plugin. -->","yoast_head_json":{"title":"Kontaktieren Sie den Campingplatz Sans Souci | Route Camping Fresnay","description":"Campingplatz du sans Souci Adresse: All\u00e9e Andr\u00e9 Chevalier - 72130 Fresnay sur Sarthe - Frankreich T\u00e9l. : +33 2 43 97 32 87 - Fax : +33 2 43 33 75 72","robots":{"index":"index","follow":"follow","max-snippet":"max-snippet:-1","max-image-preview":"max-image-preview:large","max-video-preview":"max-video-preview:-1"},"canonical":"https:\/\/camping.fresnaysursarthe.fr\/de\/kontakt-acces\/","og_locale":"de_DE","og_type":"article","og_title":"Kontaktieren Sie den Campingplatz Sans Souci | Route Camping Fresnay","og_description":"Campingplatz du sans Souci Adresse: All\u00e9e Andr\u00e9 Chevalier - 72130 Fresnay sur Sarthe - Frankreich T\u00e9l. : +33 2 43 97 32 87 - Fax : +33 2 43 33 75 72","og_url":"https:\/\/camping.fresnaysursarthe.fr\/de\/kontakt-acces\/","og_site_name":"Camping Le Sans Souci","article_modified_time":"2025-03-31T09:47:31+00:00","twitter_card":"summary_large_image","schema":{"@context":"https:\/\/schema.org","@graph":[{"@type":"WebPage","@id":"https:\/\/camping.fresnaysursarthe.fr\/de\/kontakt-acces\/","url":"https:\/\/camping.fresnaysursarthe.fr\/de\/kontakt-acces\/","name":"Kontaktieren Sie den Campingplatz Sans Souci | Route Camping Fresnay","isPartOf":{"@id":"https:\/\/camping.fresnaysursarthe.fr\/#website"},"datePublished":"2023-05-24T07:40:13+00:00","dateModified":"2025-03-31T09:47:31+00:00","description":"Campingplatz du sans Souci Adresse: All\u00e9e Andr\u00e9 Chevalier - 72130 Fresnay sur Sarthe - Frankreich T\u00e9l. : +33 2 43 97 32 87 - Fax : +33 2 43 33 75 72","breadcrumb":{"@id":"https:\/\/camping.fresnaysursarthe.fr\/de\/kontakt-acces\/#breadcrumb"},"inLanguage":"de","potentialAction":[{"@type":"ReadAction","target":["https:\/\/camping.fresnaysursarthe.fr\/de\/kontakt-acces\/"]}]},{"@type":"BreadcrumbList","@id":"https:\/\/camping.fresnaysursarthe.fr\/de\/kontakt-acces\/#breadcrumb","itemListElement":[{"@type":"ListItem","position":1,"name":"Camping Sarthe","item":"https:\/\/camping.fresnaysursarthe.fr\/de\/"},{"@type":"ListItem","position":2,"name":"Kontakt, Zugang"}]},{"@type":"WebSite","@id":"https:\/\/camping.fresnaysursarthe.fr\/#website","url":"https:\/\/camping.fresnaysursarthe.fr\/","name":"Camping Le Sans Souci","description":"","publisher":{"@id":"https:\/\/camping.fresnaysursarthe.fr\/#organization"},"potentialAction":[{"@type":"SearchAction","target":{"@type":"EntryPoint","urlTemplate":"https:\/\/camping.fresnaysursarthe.fr\/?s={search_term_string}"},"query-input":{"@type":"PropertyValueSpecification","valueRequired":true,"valueName":"search_term_string"}}],"inLanguage":"de"},{"@type":"Organization","@id":"https:\/\/camping.fresnaysursarthe.fr\/#organization","name":"Camping Le Sans Souci","url":"https:\/\/camping.fresnaysursarthe.fr\/","logo":{"@type":"ImageObject","inLanguage":"de","@id":"https:\/\/camping.fresnaysursarthe.fr\/#\/schema\/logo\/image\/","url":"https:\/\/camping.fresnaysursarthe.fr\/wp-content\/uploads\/2023\/05\/logo-camping-le-sans-souci.webp","contentUrl":"https:\/\/camping.fresnaysursarthe.fr\/wp-content\/uploads\/2023\/05\/logo-camping-le-sans-souci.webp","width":596,"height":674,"caption":"Camping Le Sans Souci"},"image":{"@id":"https:\/\/camping.fresnaysursarthe.fr\/#\/schema\/logo\/image\/"}}]}},"_links":{"self":[{"href":"https:\/\/camping.fresnaysursarthe.fr\/de\/wp-json\/wp\/v2\/pages\/1527","targetHints":{"allow":["GET"]}}],"collection":[{"href":"https:\/\/camping.fresnaysursarthe.fr\/de\/wp-json\/wp\/v2\/pages"}],"about":[{"href":"https:\/\/camping.fresnaysursarthe.fr\/de\/wp-json\/wp\/v2\/types\/page"}],"author":[{"embeddable":true,"href":"https:\/\/camping.fresnaysursarthe.fr\/de\/wp-json\/wp\/v2\/users\/1"}],"replies":[{"embeddable":true,"href":"https:\/\/camping.fresnaysursarthe.fr\/de\/wp-json\/wp\/v2\/comments?post=1527"}],"version-history":[{"count":7,"href":"https:\/\/camping.fresnaysursarthe.fr\/de\/wp-json\/wp\/v2\/pages\/1527\/revisions"}],"predecessor-version":[{"id":1902,"href":"https:\/\/camping.fresnaysursarthe.fr\/de\/wp-json\/wp\/v2\/pages\/1527\/revisions\/1902"}],"wp:attachment":[{"href":"https:\/\/camping.fresnaysursarthe.fr\/de\/wp-json\/wp\/v2\/media?parent=1527"}],"wp:term":[{"taxonomy":"sujet","embeddable":true,"href":"https:\/\/camping.fresnaysursarthe.fr\/de\/wp-json\/wp\/v2\/sujet?post=1527"}],"curies":[{"name":"wp","href":"https:\/\/api.w.org\/{rel}","templated":true}]}}