{"id":1529,"date":"2023-05-24T09:37:33","date_gmt":"2023-05-24T07:37:33","guid":{"rendered":"https:\/\/camping.fresnaysursarthe.fr\/camping-bord-riviere-fresnay-sur-sarthe\/"},"modified":"2023-09-07T12:16:03","modified_gmt":"2023-09-07T10:16:03","slug":"camping-am-fluss-fresnay-sur-sarthe","status":"publish","type":"page","link":"https:\/\/camping.fresnaysursarthe.fr\/de\/camping-am-fluss-fresnay-sur-sarthe\/","title":{"rendered":"Flussufer"},"content":{"rendered":"<section id=\"ls-section-block_d6af421606f6b8744aea45f100301bdc\" class=\"ls-section  home-first page-one\" >\r\n        <div class=\"container container--wide\">\r\n        \n\n<div class=\"wp-block-columns are-vertically-aligned-center is-layout-flex wp-container-core-columns-is-layout-9d6595d7 wp-block-columns-is-layout-flex\">\n<div class=\"wp-block-column is-vertically-aligned-center is-layout-flow wp-block-column-is-layout-flow\">\n<h1 class=\"ls__heading wp-block-heading\">Campingplatz am Flussufer <strong>der Sarthe<\/strong><\/h1>\n\n\n\n<h2 class=\"ls__heading wp-block-heading\">Angeln im <strong>Fluss<\/strong><\/h2>\n\n\n\n<p class=\"ls-paragraph\">F\u00fcr einen wirklich erholsamen Urlaub auf dem Land w\u00e4hlen Sie einen <strong>Campingplatz am Flussufer <\/strong>! Der <a href=\"https:\/\/camping.fresnaysursarthe.fr\/de\/\">3-Sterne-Campingplatz in Fresnay-sur-Sarthe<\/a> empf\u00e4ngt Sie an den Ufern des <strong>Flusses Sarthe<\/strong> f\u00fcr einen Natururlaub am Wasser.<\/p>\n\n\n\n<p class=\"ls-paragraph\">Gehen Sie <strong>gerne angeln<\/strong>? Sie werden Ihre Lieblingsbesch\u00e4ftigung von Ihrem Urlaubsort aus genie\u00dfen k\u00f6nnen! Holen Sie Ihre Angelrute heraus, lassen Sie sich an den gr\u00fcnen Ufern des Flusses Sarthe nieder, genie\u00dfen Sie die Ruhe und bewundern Sie die Sch\u00f6nheit der Landschaft: Auf der anderen Seite des Wassers l\u00e4dt der Weinberg zu einem belebenden Spaziergang nach Ihrer Angelpartie ein!<\/p>\n<\/div>\n\n\n\n<div class=\"wp-block-column is-vertically-aligned-center is-layout-flow wp-block-column-is-layout-flow\">\n<figure class=\"wp-block-gallery has-nested-images columns-1 is-cropped wp-block-gallery-1 is-layout-flex wp-block-gallery-is-layout-flex\">\n<figure class=\"wp-block-image size-full image-1 animated fadeIn slow\"><a href=\"https:\/\/camping.fresnaysursarthe.fr\/wp-content\/uploads\/2023\/06\/Camping-42-_1_.webp\"><img decoding=\"async\" width=\"1024\" height=\"682\" data-id=\"495\" src=\"https:\/\/camping.fresnaysursarthe.fr\/wp-content\/uploads\/2023\/06\/Camping-42-_1_.webp\" alt=\"sorglos camping sarthe\" class=\"wp-image-495\" srcset=\"https:\/\/camping.fresnaysursarthe.fr\/wp-content\/uploads\/2023\/06\/Camping-42-_1_.webp 1024w, https:\/\/camping.fresnaysursarthe.fr\/wp-content\/uploads\/2023\/06\/Camping-42-_1_-300x200.webp 300w, https:\/\/camping.fresnaysursarthe.fr\/wp-content\/uploads\/2023\/06\/Camping-42-_1_-768x512.webp 768w\" sizes=\"(max-width: 1024px) 100vw, 1024px\" \/><\/a><\/figure>\n\n\n\n<figure class=\"wp-block-image size-large image-2 animated fadeIn delay-100ms slow\"><a href=\"https:\/\/camping.fresnaysursarthe.fr\/wp-content\/uploads\/2023\/05\/fresnay-sur-sarthe-camping-le-sans-souci.webp\"><img decoding=\"async\" width=\"1024\" height=\"640\" data-id=\"333\" src=\"https:\/\/camping.fresnaysursarthe.fr\/wp-content\/uploads\/2023\/05\/fresnay-sur-sarthe-camping-le-sans-souci-1024x640.webp\" alt=\"Fresnay-sur-Sarthe Campingplatz Le Sans Souci\" class=\"wp-image-333\" srcset=\"https:\/\/camping.fresnaysursarthe.fr\/wp-content\/uploads\/2023\/05\/fresnay-sur-sarthe-camping-le-sans-souci-1024x640.webp 1024w, https:\/\/camping.fresnaysursarthe.fr\/wp-content\/uploads\/2023\/05\/fresnay-sur-sarthe-camping-le-sans-souci-300x188.webp 300w, https:\/\/camping.fresnaysursarthe.fr\/wp-content\/uploads\/2023\/05\/fresnay-sur-sarthe-camping-le-sans-souci-768x480.webp 768w, https:\/\/camping.fresnaysursarthe.fr\/wp-content\/uploads\/2023\/05\/fresnay-sur-sarthe-camping-le-sans-souci-1536x960.webp 1536w, https:\/\/camping.fresnaysursarthe.fr\/wp-content\/uploads\/2023\/05\/fresnay-sur-sarthe-camping-le-sans-souci.webp 1920w\" sizes=\"(max-width: 1024px) 100vw, 1024px\" \/><\/a><\/figure>\n\n\n\n<figure class=\"wp-block-image size-full image-3 animated fadeIn delay-200ms slow\"><a href=\"https:\/\/camping.fresnaysursarthe.fr\/wp-content\/uploads\/2023\/05\/balade-en-barque-sarthe-camping-le-sans-souci.webp\"><img decoding=\"async\" width=\"582\" height=\"326\" data-id=\"327\" src=\"https:\/\/camping.fresnaysursarthe.fr\/wp-content\/uploads\/2023\/05\/balade-en-barque-sarthe-camping-le-sans-souci.webp\" alt=\"Bootsfahrt Sarthe Camping Le Sans Souci\" class=\"wp-image-327\" srcset=\"https:\/\/camping.fresnaysursarthe.fr\/wp-content\/uploads\/2023\/05\/balade-en-barque-sarthe-camping-le-sans-souci.webp 582w, https:\/\/camping.fresnaysursarthe.fr\/wp-content\/uploads\/2023\/05\/balade-en-barque-sarthe-camping-le-sans-souci-300x168.webp 300w\" sizes=\"(max-width: 582px) 100vw, 582px\" \/><\/a><\/figure>\n<\/figure>\n<\/div>\n<\/div>\n\n\r\n    <\/div>\r\n<\/section><section id=\"ls-section-block_6e3f193447faaef13b4d4d11bbb744b3\" class=\"ls-section  home-third page-two has-background has-color-5-background-color\" >\r\n        <div class=\"container container--wide\">\r\n        \n\n<div class=\"wp-block-columns is-layout-flex wp-container-core-columns-is-layout-9d6595d7 wp-block-columns-is-layout-flex\">\n<div class=\"wp-block-column is-layout-flow wp-block-column-is-layout-flow\" style=\"flex-basis:55%\">\n<figure class=\"wp-block-gallery has-nested-images columns-1 is-cropped wp-block-gallery-2 is-layout-flex wp-block-gallery-is-layout-flex\">\n<figure class=\"wp-block-image size-large image-1 animated fadeInLeft slow delay-500ms\"><img decoding=\"async\" width=\"1024\" height=\"576\" data-id=\"248\" src=\"https:\/\/camping.fresnaysursarthe.fr\/wp-content\/uploads\/2023\/05\/barques-electriques-camping-le-sans-souci-1024x576.webp\" alt=\"Elektrische Ruderboote Camping Le Sans Souci\" class=\"wp-image-248\" srcset=\"https:\/\/camping.fresnaysursarthe.fr\/wp-content\/uploads\/2023\/05\/barques-electriques-camping-le-sans-souci-1024x576.webp 1024w, https:\/\/camping.fresnaysursarthe.fr\/wp-content\/uploads\/2023\/05\/barques-electriques-camping-le-sans-souci-300x169.webp 300w, https:\/\/camping.fresnaysursarthe.fr\/wp-content\/uploads\/2023\/05\/barques-electriques-camping-le-sans-souci-768x432.webp 768w, https:\/\/camping.fresnaysursarthe.fr\/wp-content\/uploads\/2023\/05\/barques-electriques-camping-le-sans-souci-1536x864.webp 1536w, https:\/\/camping.fresnaysursarthe.fr\/wp-content\/uploads\/2023\/05\/barques-electriques-camping-le-sans-souci.webp 1920w\" sizes=\"(max-width: 1024px) 100vw, 1024px\" \/><\/figure>\n\n\n\n<figure class=\"wp-block-image size-large image-2 animated fadeInLeft slow\"><img decoding=\"async\" width=\"750\" height=\"700\" data-id=\"324\" src=\"https:\/\/camping.fresnaysursarthe.fr\/wp-content\/uploads\/2023\/05\/balade-canoe-kayak-camping-le-sans-souci.webp\" alt=\"Kanu- und Kajakausflug Camping Le Sans Souci\" class=\"wp-image-324\" srcset=\"https:\/\/camping.fresnaysursarthe.fr\/wp-content\/uploads\/2023\/05\/balade-canoe-kayak-camping-le-sans-souci.webp 750w, https:\/\/camping.fresnaysursarthe.fr\/wp-content\/uploads\/2023\/05\/balade-canoe-kayak-camping-le-sans-souci-300x280.webp 300w\" sizes=\"(max-width: 750px) 100vw, 750px\" \/><\/figure>\n\n\n\n<figure class=\"wp-block-image size-large image-3 animated fadeInLeft delay-200ms slow\"><img decoding=\"async\" width=\"1024\" height=\"576\" data-id=\"251\" src=\"https:\/\/camping.fresnaysursarthe.fr\/wp-content\/uploads\/2023\/05\/canoes-camping-le-sans-souci-1024x576.webp\" alt=\"Kanus Camping Le Sans Souci\" class=\"wp-image-251\" srcset=\"https:\/\/camping.fresnaysursarthe.fr\/wp-content\/uploads\/2023\/05\/canoes-camping-le-sans-souci-1024x576.webp 1024w, https:\/\/camping.fresnaysursarthe.fr\/wp-content\/uploads\/2023\/05\/canoes-camping-le-sans-souci-300x169.webp 300w, https:\/\/camping.fresnaysursarthe.fr\/wp-content\/uploads\/2023\/05\/canoes-camping-le-sans-souci-768x432.webp 768w, https:\/\/camping.fresnaysursarthe.fr\/wp-content\/uploads\/2023\/05\/canoes-camping-le-sans-souci-1536x864.webp 1536w, https:\/\/camping.fresnaysursarthe.fr\/wp-content\/uploads\/2023\/05\/canoes-camping-le-sans-souci.webp 1920w\" sizes=\"(max-width: 1024px) 100vw, 1024px\" \/><\/figure>\n<\/figure>\n<\/div>\n\n\n\n<div class=\"wp-block-column is-layout-flow wp-block-column-is-layout-flow\" style=\"flex-basis:45%\">\n<h2 class=\"ls__heading wp-block-heading\">Wasseraktivit\u00e4ten im Fluss Sarthe<\/h2>\n\n\n\n<p class=\"ls-paragraph\">Ein Urlaub auf einem Campingplatz am Fluss Sarthe verspricht abwechslungsreiche Aktivit\u00e4ten. Unterhalb des Campingplatzes bietet Ihnen der<a href=\"https:\/\/www.preferencepleinair.com\/\" target=\"_blank\" rel=\"noreferrer noopener nofollow\">Verein Pr\u00e9f\u00e9rences Plein Air<\/a> einen <strong>Kanuverleih<\/strong> an. Eine gute Gelegenheit f\u00fcr einen Familienausflug auf den ruhigen Gew\u00e4ssern des Flusses!<\/p>\n\n\n\n<p class=\"ls-paragraph\">Das Wasser ist auch ideal f\u00fcr ein Picknick in bukolischer Umgebung oder eine Wanderung auf einem schattigen Pfad. Entlang des <strong>Wasserlaufs warten<\/strong> weitere Wasseraktivit\u00e4ten auf Sie. Testen Sie den <strong>Verleih von Elektrobooten<\/strong>!<\/p>\n\n\n\n<div id=\"ls-heading ls-titre-div-block_5b31413d9de6b50b504141e327a11f53\" class=\"ls-titre-div titre-deco h2-like\" >\n    Spa\u00df am Ufer der Sarthe!<\/div>\n<\/div>\n<\/div>\n\n\r\n    <\/div>\r\n<\/section><section id=\"ls-section-block_b8d6e328ed8360c0c9a5fd82f0f7caee\" class=\"ls-section  home-seventh page-three has-background-image has-parallax\" >\r\n    <div class=\"ls-section__background-image opacity-100\"><img decoding=\"async\" src=\"https:\/\/camping.fresnaysursarthe.fr\/wp-content\/uploads\/2023\/05\/sarthe-fresnay-sur-sarthe-camping-le-sans-souci.webp\" alt=\"Sarthe Fresnay-sur-Sarthe Camping Le Sans Souci\"><\/div>    <div class=\"container \">\r\n        \n\n<h2 class=\"ls__heading wp-block-heading\"><strong>Direkter Zugang zum Fluss<\/strong> vom Campingplatz in Fresnay aus<\/h2>\n\n\n\n<p class=\"ls-paragraph has-text-align-center has-color-white-color has-text-color\">Wie w\u00e4re es mit einem<strong> Urlaub mit den F\u00fc\u00dfen im Wasser<\/strong>? Der <a href=\"https:\/\/camping.fresnaysursarthe.fr\/de\/camping-warmwasserbereich-fresnay-sur-sarthe\/\">Campingplatz mit Schwimmbad<\/a> bietet Ihnen einen <strong>Aufenthalt am Flussufer in Fresnay-sur-Sarthe<\/strong>.<\/p>\n\n\n\n<p class=\"ls-paragraph has-text-align-center has-color-white-color has-text-color\">Le Sans Souci ist das ideale Reiseziel, wenn Sie einen Stellplatz oder eine Mietunterkunft mit Blick auf einen <strong>Fluss<\/strong> buchen m\u00f6chten.<\/p>\n\n\n\n<p class=\"ls-paragraph has-text-align-center has-color-white-color has-text-color\">Sie genie\u00dfen t\u00e4glich <strong>Spazierg\u00e4nge am Wasser<\/strong><strong>, <strong>Wassersport<\/strong> und die erholsame Landschaft!<\/strong> <\/p>\n\n\r\n    <\/div>\r\n<\/section><section id=\"ls-section-block_d6af421606f6b8744aea45f100301bdc\" class=\"ls-section  home-first page-one\" >\r\n        <div class=\"container container--wide\">\r\n        \n\n<div class=\"wp-block-columns are-vertically-aligned-center is-layout-flex wp-container-core-columns-is-layout-9d6595d7 wp-block-columns-is-layout-flex\">\n<div class=\"wp-block-column is-vertically-aligned-center is-layout-flow wp-block-column-is-layout-flow\">\n<h2 class=\"ls__heading wp-block-heading\"><strong>Unsere Mietunterk\u00fcnfte<\/strong> am Flussufer der Sarthe<\/h2>\n\n\n\n<p class=\"ls-paragraph\">Um einen wirklich erholsamen Urlaub zu verbringen, w\u00e4hlen Sie Ihre<strong> Unterkunft am Flussufer <\/strong>auf dem Campingplatz Sans Souci in der Sarthe. Wir bieten Ihnen komfortable Mietunterk\u00fcnfte mit Terrasse und <strong>direktem Zugang zum Wasser<\/strong>lauf. In einem Chalet, einem Zigeunerwagen, einer H\u00fctte oder einer Lodge ist der Tapetenwechsel garantiert!<\/p>\n\n\n\n<p class=\"ls-paragraph\">Wenn Sie Lust auf ein <strong>Angelwochenende<\/strong> in einer Mietunterkunft am Flussufer haben, stehen Ihnen unsere Chalets und unser Zigeunerwagen das ganze Jahr \u00fcber zur Verf\u00fcgung. Die Lodges, die offener zur Natur sind, k\u00f6nnen von April bis Oktober gemietet werden.<\/p>\n<\/div>\n\n\n\n<div class=\"wp-block-column is-vertically-aligned-center is-layout-flow wp-block-column-is-layout-flow\">\n<figure class=\"wp-block-gallery has-nested-images columns-1 is-cropped wp-block-gallery-3 is-layout-flex wp-block-gallery-is-layout-flex\">\n<figure class=\"wp-block-image size-full image-1 animated fadeIn slow\"><a href=\"https:\/\/camping.fresnaysursarthe.fr\/wp-content\/uploads\/2023\/06\/Camping-21.jpg\"><img decoding=\"async\" width=\"1020\" height=\"682\" data-id=\"502\" src=\"https:\/\/camping.fresnaysursarthe.fr\/wp-content\/uploads\/2023\/06\/Camping-21.jpg\" alt=\"camping 21\" class=\"wp-image-502\" srcset=\"https:\/\/camping.fresnaysursarthe.fr\/wp-content\/uploads\/2023\/06\/Camping-21.jpg 1020w, https:\/\/camping.fresnaysursarthe.fr\/wp-content\/uploads\/2023\/06\/Camping-21-300x201.jpg 300w, https:\/\/camping.fresnaysursarthe.fr\/wp-content\/uploads\/2023\/06\/Camping-21-768x514.jpg 768w\" sizes=\"(max-width: 1020px) 100vw, 1020px\" \/><\/a><\/figure>\n\n\n\n<figure class=\"wp-block-image size-full image-2 animated fadeIn delay-100ms slow\"><a href=\"https:\/\/camping.fresnaysursarthe.fr\/wp-content\/uploads\/2023\/06\/Camping-15.jpg\"><img decoding=\"async\" width=\"1024\" height=\"682\" data-id=\"499\" src=\"https:\/\/camping.fresnaysursarthe.fr\/wp-content\/uploads\/2023\/06\/Camping-15.jpg\" alt=\"camp 15\" class=\"wp-image-499\" srcset=\"https:\/\/camping.fresnaysursarthe.fr\/wp-content\/uploads\/2023\/06\/Camping-15.jpg 1024w, https:\/\/camping.fresnaysursarthe.fr\/wp-content\/uploads\/2023\/06\/Camping-15-300x200.jpg 300w, https:\/\/camping.fresnaysursarthe.fr\/wp-content\/uploads\/2023\/06\/Camping-15-768x512.jpg 768w\" sizes=\"(max-width: 1024px) 100vw, 1024px\" \/><\/a><\/figure>\n\n\n\n<figure class=\"wp-block-image size-large image-3 animated fadeIn delay-200ms slow\"><a href=\"https:\/\/camping.fresnaysursarthe.fr\/wp-content\/uploads\/2023\/05\/roulotte-location-camping-le-sans-souci.webp\"><img decoding=\"async\" width=\"900\" height=\"750\" data-id=\"354\" src=\"https:\/\/camping.fresnaysursarthe.fr\/wp-content\/uploads\/2023\/05\/roulotte-location-camping-le-sans-souci.webp\" alt=\"Wohnwagen mieten Camping Le Sans Souci\" class=\"wp-image-354\" srcset=\"https:\/\/camping.fresnaysursarthe.fr\/wp-content\/uploads\/2023\/05\/roulotte-location-camping-le-sans-souci.webp 900w, https:\/\/camping.fresnaysursarthe.fr\/wp-content\/uploads\/2023\/05\/roulotte-location-camping-le-sans-souci-300x250.webp 300w, https:\/\/camping.fresnaysursarthe.fr\/wp-content\/uploads\/2023\/05\/roulotte-location-camping-le-sans-souci-768x640.webp 768w\" sizes=\"(max-width: 900px) 100vw, 900px\" \/><\/a><\/figure>\n<\/figure>\n<\/div>\n<\/div>\n\n\r\n    <\/div>\r\n<\/section><section id=\"ls-section-block_78de2a115a6665a1a910bec1456aee41\" class=\"ls-section  page-four\" >\r\n        <div class=\"container container--wide\">\r\n        \n\n<div id=\"ls-heading ls-titre-div-block_c8e16a76e61c7629d7cb336243905216\" class=\"ls-titre-div aligncenter h2-like\" >\n    Entdecken Sie den Pool, unsere Dienstleistungen und unsere Animationen<\/div>\n\n\n\n<div id=\"ls-maillage-block_c5df4e5eb831abca02c9b7874b9db6e4\" class=\"ls-maillage cta-style-normal\" data-rows=\"3\">\n\n    <div class=\"wp-block-columns\"><div class=\"wp-block-column\"><div class=\"ls-cta\">\n\n<a href=\"https:\/\/camping.fresnaysursarthe.fr\/de\/familien-campingplatz-fresnay-sur-sarthe\/\" target=\"\" rel=\"noopener\" class=\"ls-cta__link\">\n\n\t<div class=\"ls-cta__image\"><img decoding=\"async\" src=\"https:\/\/camping.fresnaysursarthe.fr\/wp-content\/uploads\/2023\/06\/services-de-qualite-camping-sans-soucis.webp\" alt=\"hochwertige Dienstleistungen sorgloses Campen\"><\/div>\n\t<div class=\"ls-cta__title\">\n\t\tService und Ausstattung\t<\/div>\n\n\t\t\n<\/a><\/div><\/div><div class=\"wp-block-column\"><div class=\"ls-cta\">\n\n<a href=\"https:\/\/camping.fresnaysursarthe.fr\/de\/camping-warmwasserbereich-fresnay-sur-sarthe\/\" target=\"\" rel=\"noopener\" class=\"ls-cta__link\">\n\n\t<div class=\"ls-cta__image\"><img decoding=\"async\" src=\"https:\/\/camping.fresnaysursarthe.fr\/wp-content\/uploads\/2023\/06\/camping-avec-piscine-dans-les-alpes-mancelles.webp\" alt=\"campingplatz mit schwimmbad in den alpes mancelles\"><\/div>\n\t<div class=\"ls-cta__title\">\n\t\tSwimmingpool\t<\/div>\n\n\t\t\n<\/a><\/div><\/div><div class=\"wp-block-column\"><div class=\"ls-cta\">\n\n<a href=\"https:\/\/camping.fresnaysursarthe.fr\/de\/camping-aktivitaeten-fresnay-sur-sarthe\/\" target=\"\" rel=\"noopener\" class=\"ls-cta__link\">\n\n\t<div class=\"ls-cta__image\"><img decoding=\"async\" src=\"https:\/\/camping.fresnaysursarthe.fr\/wp-content\/uploads\/2023\/06\/camping-sans-soucis-animations.webp\" alt=\"camping ohne sorgen animationen\"><\/div>\n\t<div class=\"ls-cta__title\">\n\t\tAnimationen und Aktivit\u00e4ten\t<\/div>\n\n\t\t\n<\/a><\/div><\/div><\/div>\n<\/div>\n\r\n    <\/div>\r\n<\/section>","protected":false},"excerpt":{"rendered":"","protected":false},"author":1,"featured_media":0,"parent":0,"menu_order":0,"comment_status":"closed","ping_status":"closed","template":"","meta":{"_acf_changed":false,"footnotes":""},"sujet":[],"class_list":["post-1529","page","type-page","status-publish","hentry"],"acf":[],"yoast_head":"<!-- This site is optimized with the Yoast SEO plugin v23.4 - https:\/\/yoast.com\/wordpress\/plugins\/seo\/ -->\n<title>Camping am Fluss Fresnay-sur-Sarthe | Angeln Fluss Sarthe<\/title>\n<meta name=\"robots\" content=\"index, follow, max-snippet:-1, max-image-preview:large, max-video-preview:-1\" \/>\n<link rel=\"canonical\" href=\"https:\/\/camping.fresnaysursarthe.fr\/de\/camping-am-fluss-fresnay-sur-sarthe\/\" \/>\n<meta property=\"og:locale\" content=\"de_DE\" \/>\n<meta property=\"og:type\" content=\"article\" \/>\n<meta property=\"og:title\" content=\"Camping am Fluss Fresnay-sur-Sarthe | Angeln Fluss Sarthe\" \/>\n<meta property=\"og:url\" content=\"https:\/\/camping.fresnaysursarthe.fr\/de\/camping-am-fluss-fresnay-sur-sarthe\/\" \/>\n<meta property=\"og:site_name\" content=\"Camping Le Sans Souci\" \/>\n<meta property=\"article:modified_time\" content=\"2023-09-07T10:16:03+00:00\" \/>\n<meta property=\"og:image\" content=\"https:\/\/camping.fresnaysursarthe.fr\/wp-content\/uploads\/2023\/06\/Camping-42-_1_.webp\" \/>\n<meta name=\"twitter:card\" content=\"summary_large_image\" \/>\n<meta name=\"twitter:label1\" content=\"Gesch\u00e4tzte Lesezeit\" \/>\n\t<meta name=\"twitter:data1\" content=\"2\u00a0Minuten\" \/>\n<script type=\"application\/ld+json\" class=\"yoast-schema-graph\">{\"@context\":\"https:\/\/schema.org\",\"@graph\":[{\"@type\":\"WebPage\",\"@id\":\"https:\/\/camping.fresnaysursarthe.fr\/de\/camping-am-fluss-fresnay-sur-sarthe\/\",\"url\":\"https:\/\/camping.fresnaysursarthe.fr\/de\/camping-am-fluss-fresnay-sur-sarthe\/\",\"name\":\"Camping am Fluss Fresnay-sur-Sarthe | Angeln Fluss Sarthe\",\"isPartOf\":{\"@id\":\"https:\/\/camping.fresnaysursarthe.fr\/#website\"},\"primaryImageOfPage\":{\"@id\":\"https:\/\/camping.fresnaysursarthe.fr\/de\/camping-am-fluss-fresnay-sur-sarthe\/#primaryimage\"},\"image\":{\"@id\":\"https:\/\/camping.fresnaysursarthe.fr\/de\/camping-am-fluss-fresnay-sur-sarthe\/#primaryimage\"},\"thumbnailUrl\":\"https:\/\/camping.fresnaysursarthe.fr\/wp-content\/uploads\/2023\/06\/Camping-42-_1_.webp\",\"datePublished\":\"2023-05-24T07:37:33+00:00\",\"dateModified\":\"2023-09-07T10:16:03+00:00\",\"breadcrumb\":{\"@id\":\"https:\/\/camping.fresnaysursarthe.fr\/de\/camping-am-fluss-fresnay-sur-sarthe\/#breadcrumb\"},\"inLanguage\":\"de\",\"potentialAction\":[{\"@type\":\"ReadAction\",\"target\":[\"https:\/\/camping.fresnaysursarthe.fr\/de\/camping-am-fluss-fresnay-sur-sarthe\/\"]}]},{\"@type\":\"ImageObject\",\"inLanguage\":\"de\",\"@id\":\"https:\/\/camping.fresnaysursarthe.fr\/de\/camping-am-fluss-fresnay-sur-sarthe\/#primaryimage\",\"url\":\"https:\/\/camping.fresnaysursarthe.fr\/wp-content\/uploads\/2023\/06\/Camping-42-_1_.webp\",\"contentUrl\":\"https:\/\/camping.fresnaysursarthe.fr\/wp-content\/uploads\/2023\/06\/Camping-42-_1_.webp\"},{\"@type\":\"BreadcrumbList\",\"@id\":\"https:\/\/camping.fresnaysursarthe.fr\/de\/camping-am-fluss-fresnay-sur-sarthe\/#breadcrumb\",\"itemListElement\":[{\"@type\":\"ListItem\",\"position\":1,\"name\":\"Camping Sarthe\",\"item\":\"https:\/\/camping.fresnaysursarthe.fr\/de\/\"},{\"@type\":\"ListItem\",\"position\":2,\"name\":\"Angeln in der Sarthe\"}]},{\"@type\":\"WebSite\",\"@id\":\"https:\/\/camping.fresnaysursarthe.fr\/#website\",\"url\":\"https:\/\/camping.fresnaysursarthe.fr\/\",\"name\":\"Camping Le Sans Souci\",\"description\":\"\",\"publisher\":{\"@id\":\"https:\/\/camping.fresnaysursarthe.fr\/#organization\"},\"potentialAction\":[{\"@type\":\"SearchAction\",\"target\":{\"@type\":\"EntryPoint\",\"urlTemplate\":\"https:\/\/camping.fresnaysursarthe.fr\/?s={search_term_string}\"},\"query-input\":{\"@type\":\"PropertyValueSpecification\",\"valueRequired\":true,\"valueName\":\"search_term_string\"}}],\"inLanguage\":\"de\"},{\"@type\":\"Organization\",\"@id\":\"https:\/\/camping.fresnaysursarthe.fr\/#organization\",\"name\":\"Camping Le Sans Souci\",\"url\":\"https:\/\/camping.fresnaysursarthe.fr\/\",\"logo\":{\"@type\":\"ImageObject\",\"inLanguage\":\"de\",\"@id\":\"https:\/\/camping.fresnaysursarthe.fr\/#\/schema\/logo\/image\/\",\"url\":\"https:\/\/camping.fresnaysursarthe.fr\/wp-content\/uploads\/2023\/05\/logo-camping-le-sans-souci.webp\",\"contentUrl\":\"https:\/\/camping.fresnaysursarthe.fr\/wp-content\/uploads\/2023\/05\/logo-camping-le-sans-souci.webp\",\"width\":596,\"height\":674,\"caption\":\"Camping Le Sans Souci\"},\"image\":{\"@id\":\"https:\/\/camping.fresnaysursarthe.fr\/#\/schema\/logo\/image\/\"}}]}<\/script>\n<!-- \/ Yoast SEO plugin. -->","yoast_head_json":{"title":"Camping am Fluss Fresnay-sur-Sarthe | Angeln Fluss Sarthe","robots":{"index":"index","follow":"follow","max-snippet":"max-snippet:-1","max-image-preview":"max-image-preview:large","max-video-preview":"max-video-preview:-1"},"canonical":"https:\/\/camping.fresnaysursarthe.fr\/de\/camping-am-fluss-fresnay-sur-sarthe\/","og_locale":"de_DE","og_type":"article","og_title":"Camping am Fluss Fresnay-sur-Sarthe | Angeln Fluss Sarthe","og_url":"https:\/\/camping.fresnaysursarthe.fr\/de\/camping-am-fluss-fresnay-sur-sarthe\/","og_site_name":"Camping Le Sans Souci","article_modified_time":"2023-09-07T10:16:03+00:00","og_image":[{"url":"https:\/\/camping.fresnaysursarthe.fr\/wp-content\/uploads\/2023\/06\/Camping-42-_1_.webp"}],"twitter_card":"summary_large_image","twitter_misc":{"Gesch\u00e4tzte Lesezeit":"2\u00a0Minuten"},"schema":{"@context":"https:\/\/schema.org","@graph":[{"@type":"WebPage","@id":"https:\/\/camping.fresnaysursarthe.fr\/de\/camping-am-fluss-fresnay-sur-sarthe\/","url":"https:\/\/camping.fresnaysursarthe.fr\/de\/camping-am-fluss-fresnay-sur-sarthe\/","name":"Camping am Fluss Fresnay-sur-Sarthe | Angeln Fluss Sarthe","isPartOf":{"@id":"https:\/\/camping.fresnaysursarthe.fr\/#website"},"primaryImageOfPage":{"@id":"https:\/\/camping.fresnaysursarthe.fr\/de\/camping-am-fluss-fresnay-sur-sarthe\/#primaryimage"},"image":{"@id":"https:\/\/camping.fresnaysursarthe.fr\/de\/camping-am-fluss-fresnay-sur-sarthe\/#primaryimage"},"thumbnailUrl":"https:\/\/camping.fresnaysursarthe.fr\/wp-content\/uploads\/2023\/06\/Camping-42-_1_.webp","datePublished":"2023-05-24T07:37:33+00:00","dateModified":"2023-09-07T10:16:03+00:00","breadcrumb":{"@id":"https:\/\/camping.fresnaysursarthe.fr\/de\/camping-am-fluss-fresnay-sur-sarthe\/#breadcrumb"},"inLanguage":"de","potentialAction":[{"@type":"ReadAction","target":["https:\/\/camping.fresnaysursarthe.fr\/de\/camping-am-fluss-fresnay-sur-sarthe\/"]}]},{"@type":"ImageObject","inLanguage":"de","@id":"https:\/\/camping.fresnaysursarthe.fr\/de\/camping-am-fluss-fresnay-sur-sarthe\/#primaryimage","url":"https:\/\/camping.fresnaysursarthe.fr\/wp-content\/uploads\/2023\/06\/Camping-42-_1_.webp","contentUrl":"https:\/\/camping.fresnaysursarthe.fr\/wp-content\/uploads\/2023\/06\/Camping-42-_1_.webp"},{"@type":"BreadcrumbList","@id":"https:\/\/camping.fresnaysursarthe.fr\/de\/camping-am-fluss-fresnay-sur-sarthe\/#breadcrumb","itemListElement":[{"@type":"ListItem","position":1,"name":"Camping Sarthe","item":"https:\/\/camping.fresnaysursarthe.fr\/de\/"},{"@type":"ListItem","position":2,"name":"Angeln in der Sarthe"}]},{"@type":"WebSite","@id":"https:\/\/camping.fresnaysursarthe.fr\/#website","url":"https:\/\/camping.fresnaysursarthe.fr\/","name":"Camping Le Sans Souci","description":"","publisher":{"@id":"https:\/\/camping.fresnaysursarthe.fr\/#organization"},"potentialAction":[{"@type":"SearchAction","target":{"@type":"EntryPoint","urlTemplate":"https:\/\/camping.fresnaysursarthe.fr\/?s={search_term_string}"},"query-input":{"@type":"PropertyValueSpecification","valueRequired":true,"valueName":"search_term_string"}}],"inLanguage":"de"},{"@type":"Organization","@id":"https:\/\/camping.fresnaysursarthe.fr\/#organization","name":"Camping Le Sans Souci","url":"https:\/\/camping.fresnaysursarthe.fr\/","logo":{"@type":"ImageObject","inLanguage":"de","@id":"https:\/\/camping.fresnaysursarthe.fr\/#\/schema\/logo\/image\/","url":"https:\/\/camping.fresnaysursarthe.fr\/wp-content\/uploads\/2023\/05\/logo-camping-le-sans-souci.webp","contentUrl":"https:\/\/camping.fresnaysursarthe.fr\/wp-content\/uploads\/2023\/05\/logo-camping-le-sans-souci.webp","width":596,"height":674,"caption":"Camping Le Sans Souci"},"image":{"@id":"https:\/\/camping.fresnaysursarthe.fr\/#\/schema\/logo\/image\/"}}]}},"_links":{"self":[{"href":"https:\/\/camping.fresnaysursarthe.fr\/de\/wp-json\/wp\/v2\/pages\/1529","targetHints":{"allow":["GET"]}}],"collection":[{"href":"https:\/\/camping.fresnaysursarthe.fr\/de\/wp-json\/wp\/v2\/pages"}],"about":[{"href":"https:\/\/camping.fresnaysursarthe.fr\/de\/wp-json\/wp\/v2\/types\/page"}],"author":[{"embeddable":true,"href":"https:\/\/camping.fresnaysursarthe.fr\/de\/wp-json\/wp\/v2\/users\/1"}],"replies":[{"embeddable":true,"href":"https:\/\/camping.fresnaysursarthe.fr\/de\/wp-json\/wp\/v2\/comments?post=1529"}],"version-history":[{"count":20,"href":"https:\/\/camping.fresnaysursarthe.fr\/de\/wp-json\/wp\/v2\/pages\/1529\/revisions"}],"predecessor-version":[{"id":1793,"href":"https:\/\/camping.fresnaysursarthe.fr\/de\/wp-json\/wp\/v2\/pages\/1529\/revisions\/1793"}],"wp:attachment":[{"href":"https:\/\/camping.fresnaysursarthe.fr\/de\/wp-json\/wp\/v2\/media?parent=1529"}],"wp:term":[{"taxonomy":"sujet","embeddable":true,"href":"https:\/\/camping.fresnaysursarthe.fr\/de\/wp-json\/wp\/v2\/sujet?post=1529"}],"curies":[{"name":"wp","href":"https:\/\/api.w.org\/{rel}","templated":true}]}}